{"id":28250,"date":"2026-03-14T16:31:00","date_gmt":"2026-03-14T16:31:00","guid":{"rendered":"https:\/\/gigionestrumentimusicali.it\/index.php\/product\/vonyx-db6-pro-foldable-dj-booth-system-pcon-supporto-tv\/"},"modified":"2026-04-04T19:18:49","modified_gmt":"2026-04-04T19:18:49","slug":"vonyx-db6-pro-foldable-dj-booth-system-pcon-supporto-tv","status":"publish","type":"product","link":"https:\/\/gigionestrumentimusicali.it\/index.php\/product\/vonyx-db6-pro-foldable-dj-booth-system-pcon-supporto-tv\/","title":{"rendered":"VONYX DB6 PRO FOLDABLE DJ  BOOTH SYSTEM PCON SUPPORTO TV"},"content":{"rendered":"<p>Descrizione prodotto<br \/>Lo stand DJ Vonyx DB6 Pro \u00e8 una cabina DJ robusta e pieghevole con supporto TV per proiettare animazioni. L&#8217;installazione della cabina \u00e8 molto semplice e richiede meno di un minuto. Realizzato in acciaio di alta qualit\u00e0 per resistenza e durata. Lo stand DJ \u00e8 progettato per supportare fino a 25 kg distribuiti uniformemente e ventilati per mantenere la tua attrezzatura fresca. Il sistema di cabina DJ DB6 pro include anche un supporto TV VESA che supporta uno schermo piatto fino a 65&#8243;. Inoltre, viene inoltre fornita con 4 pannelli in lycra rimovibili in bianco e nero in modo da poter personalizzare lo stile della tua cabina.<br \/>Supporto TV in grado di supportare uno schermo fino a 65 pollici<br \/>Con vele lycra bianche e nere (ignifugo)<br \/>Pieghevole e smontabile<br \/>Colore: nero metallico Leggero e facile da trasportare.<br \/>Montaggio semplice e veloce in meno di un minuto.<br \/>Viene fornito con custodia per il trasporto.<br \/>Dimensioni del supporto DJ: 146 x 73 x 111 cm.<br \/>Dimensioni dello schermo: 32&#8243; &#8211; 65&#8243;<br \/>VESA: 200 x 200, 300 x 200, 300 x 300, 400 x 200, 400 x 300, 400 x 400, 600 x 400<\/p>\n<p>Specifiche del prodotto<br \/>Specifiche prodotto<br \/>Marca\t?Vonyx<br \/>Produttore\t?Tronios B.V.<br \/>Modello\t?DB6<br \/>Nome modello\t??<br \/>Dimensioni prodotto\t?119 x 17 x 77 cm; 23,25 kg<br \/>Numero modello articolo\t?DB6<br \/>Numero articolo\t?180.092<br \/>Numero di articoli\t?1<br \/>Voltaggio\t?220 Volt<br \/>Le pile\/batterie sono incluse?\t?No<br \/>Pile\/batterie richieste\t?No<br \/>Peso articolo\t?23,2 Kilograms<\/p>\n","protected":false},"excerpt":{"rendered":"<p>Descrizione prodottoLo stand DJ Vonyx DB6 Pro \u00e8 una cabina DJ robusta e pieghevole con supporto TV per proiettare animazioni. L&#8217;installazione della cabina \u00e8 molto semplice e richiede meno di un minuto. Realizzato in acciaio di alta qualit\u00e0 per resistenza e durata. Lo stand DJ \u00e8 progettato per supportare fino a 25 kg distribuiti uniformemente [&hellip;]<\/p>\n","protected":false},"featured_media":28251,"template":"","meta":{"site-sidebar-layout":"default","site-content-layout":"","ast-site-content-layout":"default","site-content-style":"default","site-sidebar-style":"default","ast-global-header-display":"","ast-banner-title-visibility":"","ast-main-header-display":"","ast-hfb-above-header-display":"","ast-hfb-below-header-display":"","ast-hfb-mobile-header-display":"","site-post-title":"","ast-breadcrumbs-content":"","ast-featured-img":"","footer-sml-layout":"","theme-transparent-header-meta":"","adv-header-id-meta":"","stick-header-meta":"","header-above-stick-meta":"","header-main-stick-meta":"","header-below-stick-meta":"","astra-migrate-meta-layouts":"default","ast-page-background-enabled":"default","ast-page-background-meta":{"desktop":{"background-color":"var(--ast-global-color-4)","background-image":"","background-repeat":"repeat","background-position":"center center","background-size":"auto","background-attachment":"scroll","background-type":"","background-media":"","overlay-type":"","overlay-color":"","overlay-opacity":"","overlay-gradient":""},"tablet":{"background-color":"","background-image":"","background-repeat":"repeat","background-position":"center center","background-size":"auto","background-attachment":"scroll","background-type":"","background-media":"","overlay-type":"","overlay-color":"","overlay-opacity":"","overlay-gradient":""},"mobile":{"background-color":"","background-image":"","background-repeat":"repeat","background-position":"center center","background-size":"auto","background-attachment":"scroll","background-type":"","background-media":"","overlay-type":"","overlay-color":"","overlay-opacity":"","overlay-gradient":""}},"ast-content-background-meta":{"desktop":{"background-color":"var(--ast-global-color-5)","background-image":"","background-repeat":"repeat","background-position":"center center","background-size":"auto","background-attachment":"scroll","background-type":"","background-media":"","overlay-type":"","overlay-color":"","overlay-opacity":"","overlay-gradient":""},"tablet":{"background-color":"var(--ast-global-color-5)","background-image":"","background-repeat":"repeat","background-position":"center center","background-size":"auto","background-attachment":"scroll","background-type":"","background-media":"","overlay-type":"","overlay-color":"","overlay-opacity":"","overlay-gradient":""},"mobile":{"background-color":"var(--ast-global-color-5)","background-image":"","background-repeat":"repeat","background-position":"center center","background-size":"auto","background-attachment":"scroll","background-type":"","background-media":"","overlay-type":"","overlay-color":"","overlay-opacity":"","overlay-gradient":""}}},"product_brand":[],"product_cat":[678],"product_tag":[],"class_list":{"0":"post-28250","1":"product","2":"type-product","3":"status-publish","4":"has-post-thumbnail","6":"product_cat-stand-tastiera","7":"desktop-align-left","8":"tablet-align-left","9":"mobile-align-left","11":"first","12":"instock","13":"taxable","14":"shipping-taxable","15":"purchasable","16":"product-type-simple"},"_links":{"self":[{"href":"https:\/\/gigionestrumentimusicali.it\/index.php\/wp-json\/wp\/v2\/product\/28250","targetHints":{"allow":["GET"]}}],"collection":[{"href":"https:\/\/gigionestrumentimusicali.it\/index.php\/wp-json\/wp\/v2\/product"}],"about":[{"href":"https:\/\/gigionestrumentimusicali.it\/index.php\/wp-json\/wp\/v2\/types\/product"}],"wp:featuredmedia":[{"embeddable":true,"href":"https:\/\/gigionestrumentimusicali.it\/index.php\/wp-json\/wp\/v2\/media\/28251"}],"wp:attachment":[{"href":"https:\/\/gigionestrumentimusicali.it\/index.php\/wp-json\/wp\/v2\/media?parent=28250"}],"wp:term":[{"taxonomy":"product_brand","embeddable":true,"href":"https:\/\/gigionestrumentimusicali.it\/index.php\/wp-json\/wp\/v2\/product_brand?post=28250"},{"taxonomy":"product_cat","embeddable":true,"href":"https:\/\/gigionestrumentimusicali.it\/index.php\/wp-json\/wp\/v2\/product_cat?post=28250"},{"taxonomy":"product_tag","embeddable":true,"href":"https:\/\/gigionestrumentimusicali.it\/index.php\/wp-json\/wp\/v2\/product_tag?post=28250"}],"curies":[{"name":"wp","href":"https:\/\/api.w.org\/{rel}","templated":true}]}}