{"id":28331,"date":"2026-04-11T08:06:31","date_gmt":"2026-04-11T08:06:31","guid":{"rendered":"https:\/\/gigionestrumentimusicali.it\/index.php\/product\/moog-subsequent-25\/"},"modified":"2026-04-11T20:13:44","modified_gmt":"2026-04-11T20:13:44","slug":"moog-subsequent-25","status":"publish","type":"product","link":"https:\/\/gigionestrumentimusicali.it\/index.php\/product\/moog-subsequent-25\/","title":{"rendered":"MOOG SUBSEQUENT 25"},"content":{"rendered":"<p>MOOG SUBSEQUENT 25<br \/>SUBSEQUENT 25 di MOOG \u00e8 un sintetizzatore analogico parafonico a 2 voci che unisce la pratica anima analogica dei classici strumenti del brand statunitense con il flusso di lavoro di una moderna macchina di progettazione del suono. nonostante sia il synth con tastiera pi\u00f9 compatto di Moog, offre tutta la densit\u00e0 sonora che ha contribuito a rendere cos\u00ec ambiti i sintetizzatori del marchio. fruendone si una gratificazione immediata con accesso a patch preimpostate programmate da esperti che faranno creare subito, quindi esplorare il pannello frontale con manopola per realizzare qualcosa di completamente unico. puoi distinguerti progettando la tua libreria di suoni analogici distintivi, quindi salvare e richiamare un numero infinito di patch con il software gratuito Subsequent 25 Editor \/ Librarian. Crea bassi analogici rivoluzionari impilando i 3 oscillatori in modalit\u00e0 Unison, oppure attiva la nuova modalit\u00e0 Duo per dividere gli oscillatori 1 e 2, aprendo nuove porte della musicalit\u00e0 suonando due note diverse contemporaneamente. puoi attivarne il motore audio analogico a piacere, integrandoti con altri dispositivi analogici controllati in tensione tramite 4 ingressi CV integrati, interfacciati con la tua DAW preferita tramite DIN e USB MIDI, oppure vai completamente in manuale con il keybed ultra-suonabile ad azione rapida. la sezione filtro analogico contiene il circuito trasformativo &#8216;multidrive&#8217;, una combinazione unica di distorsione OTA e drive FET, ovvero una &#8216;candela di accensione&#8217; per il potente suono del sintetizzatore. attraverso l&#8217;uso creativo della sezione mixer (con headroom ampliato), filtro ladder e circuito multidrive, \u00e8 possibile ottenere una vasta gamma di colori analogici classici e suoni aggressivi moderni. progettato per la portabilit\u00e0, \u00e8 il sintetizzatore full size pi\u00f9 agile del brand, altrettanto affidabile per spostarsi da un palco all&#8217;altro, in studio e ogni tappa intermedia. la sua impronta compatta si adatta a qualsiasi situazione e non superer\u00e0 la tua scrivania da studio, ma riempie comunque qualsiasi stanza con potenti bassi di synth, percussioni analogiche dinamiche e lead ricchi di armoniche. bilanciando il classico design del suono analogico con una perfetta integrazione nei moderni flussi di lavoro digitali e gli ambienti DAW, presenta un&#8217;implementazione MIDI completa che consente l&#8217;automazione MIDI e il richiamo di tutti i parametri di sintesi sia del pannello frontale che i pi\u00f9 nascosti. a seguire ne elenchiamo le principali caratteristiche:<\/p>\n<p>&#8211; keybed semi-pesato e sensibile alla velocit\u00e0 a 25 tasti con suonabilit\u00e0 migliorata<br \/>&#8211; pulsanti pitchbend, mod wheel, octave shift<br \/>&#8211; polifonia: monofonica, modalit\u00e0 duo parafonica a 2 note<br \/>&#8211; motore audio analogico: 2 oscillatori, 1 oscillatore secondario, 1 generatore di rumore<br \/>&#8211; filtro ladder moog con slope 6\/12\/18 \/24dB per ottava<br \/>&#8211; il gain del filtro ladder rimodellato aumenta la saturazione armonica e la compressione per una fascia pi\u00f9 bassa<br \/>&#8211; lfo: triangle, square, sawtooth, ramp, sample &amp; hold<br \/>&#8211; il doppio dell&#8217;ampiezza per una nuova gamma di suoni classici puliti nelle modalit\u00e0 mono e duo<br \/>&#8211; circuito multidrive ottimizzato per una gamma pi\u00f9 ampia e pi\u00f9 sporca<br \/>&#8211; 16 nuovi preset ottimizzati per sfruttare i circuiti dello strumento<br \/>&#8211; nuovo amplificatore per cuffie ad alta potenza sufficientemente robusto per pilotare qualsiasi cuffia<br \/>&#8211; software gratuito editor\/librarian per mac\/pc (plug-in o standalone)<br \/>&#8211; telaio elegante con pannelli laterali in vero legno<br \/>&#8211; ingressi audio: 1x 1\/4&#8243; (ext in); uscite audio: 1x 1\/4&#8243;<br \/>&#8211; usb: 1 tipo b<br \/>&#8211; i\/o midi: in\/out\/usb<br \/>&#8211; filtro cv in, pitch cv in, volume cv in, kb gate in<br \/>&#8211; alimentazione: 110\/240v<br \/>&#8211; dimensioni (mm): 171x514x375<br \/>&#8211; peso (kg): 7,48<\/p>\n","protected":false},"excerpt":{"rendered":"<p>MOOG SUBSEQUENT 25SUBSEQUENT 25 di MOOG \u00e8 un sintetizzatore analogico parafonico a 2 voci che unisce la pratica anima analogica dei classici strumenti del brand statunitense con il flusso di lavoro di una moderna macchina di progettazione del suono. nonostante sia il synth con tastiera pi\u00f9 compatto di Moog, offre tutta la densit\u00e0 sonora che [&hellip;]<\/p>\n","protected":false},"featured_media":28332,"template":"","meta":{"site-sidebar-layout":"default","site-content-layout":"","ast-site-content-layout":"default","site-content-style":"default","site-sidebar-style":"default","ast-global-header-display":"","ast-banner-title-visibility":"","ast-main-header-display":"","ast-hfb-above-header-display":"","ast-hfb-below-header-display":"","ast-hfb-mobile-header-display":"","site-post-title":"","ast-breadcrumbs-content":"","ast-featured-img":"","footer-sml-layout":"","theme-transparent-header-meta":"","adv-header-id-meta":"","stick-header-meta":"","header-above-stick-meta":"","header-main-stick-meta":"","header-below-stick-meta":"","astra-migrate-meta-layouts":"default","ast-page-background-enabled":"default","ast-page-background-meta":{"desktop":{"background-color":"var(--ast-global-color-4)","background-image":"","background-repeat":"repeat","background-position":"center center","background-size":"auto","background-attachment":"scroll","background-type":"","background-media":"","overlay-type":"","overlay-color":"","overlay-opacity":"","overlay-gradient":""},"tablet":{"background-color":"","background-image":"","background-repeat":"repeat","background-position":"center center","background-size":"auto","background-attachment":"scroll","background-type":"","background-media":"","overlay-type":"","overlay-color":"","overlay-opacity":"","overlay-gradient":""},"mobile":{"background-color":"","background-image":"","background-repeat":"repeat","background-position":"center center","background-size":"auto","background-attachment":"scroll","background-type":"","background-media":"","overlay-type":"","overlay-color":"","overlay-opacity":"","overlay-gradient":""}},"ast-content-background-meta":{"desktop":{"background-color":"var(--ast-global-color-5)","background-image":"","background-repeat":"repeat","background-position":"center center","background-size":"auto","background-attachment":"scroll","background-type":"","background-media":"","overlay-type":"","overlay-color":"","overlay-opacity":"","overlay-gradient":""},"tablet":{"background-color":"var(--ast-global-color-5)","background-image":"","background-repeat":"repeat","background-position":"center center","background-size":"auto","background-attachment":"scroll","background-type":"","background-media":"","overlay-type":"","overlay-color":"","overlay-opacity":"","overlay-gradient":""},"mobile":{"background-color":"var(--ast-global-color-5)","background-image":"","background-repeat":"repeat","background-position":"center center","background-size":"auto","background-attachment":"scroll","background-type":"","background-media":"","overlay-type":"","overlay-color":"","overlay-opacity":"","overlay-gradient":""}}},"product_brand":[],"product_cat":[677],"product_tag":[],"class_list":{"0":"post-28331","1":"product","2":"type-product","3":"status-publish","4":"has-post-thumbnail","6":"product_cat-sintetizzatori-tastiere","7":"desktop-align-left","8":"tablet-align-left","9":"mobile-align-left","11":"first","12":"instock","13":"taxable","14":"shipping-taxable","15":"purchasable","16":"product-type-simple"},"_links":{"self":[{"href":"https:\/\/gigionestrumentimusicali.it\/index.php\/wp-json\/wp\/v2\/product\/28331","targetHints":{"allow":["GET"]}}],"collection":[{"href":"https:\/\/gigionestrumentimusicali.it\/index.php\/wp-json\/wp\/v2\/product"}],"about":[{"href":"https:\/\/gigionestrumentimusicali.it\/index.php\/wp-json\/wp\/v2\/types\/product"}],"wp:featuredmedia":[{"embeddable":true,"href":"https:\/\/gigionestrumentimusicali.it\/index.php\/wp-json\/wp\/v2\/media\/28332"}],"wp:attachment":[{"href":"https:\/\/gigionestrumentimusicali.it\/index.php\/wp-json\/wp\/v2\/media?parent=28331"}],"wp:term":[{"taxonomy":"product_brand","embeddable":true,"href":"https:\/\/gigionestrumentimusicali.it\/index.php\/wp-json\/wp\/v2\/product_brand?post=28331"},{"taxonomy":"product_cat","embeddable":true,"href":"https:\/\/gigionestrumentimusicali.it\/index.php\/wp-json\/wp\/v2\/product_cat?post=28331"},{"taxonomy":"product_tag","embeddable":true,"href":"https:\/\/gigionestrumentimusicali.it\/index.php\/wp-json\/wp\/v2\/product_tag?post=28331"}],"curies":[{"name":"wp","href":"https:\/\/api.w.org\/{rel}","templated":true}]}}