{"id":3642,"date":"2024-10-10T17:50:20","date_gmt":"2024-10-10T17:50:20","guid":{"rendered":"https:\/\/gigionestrumentimusicali.it\/index.php\/product\/studiologic-numa-compact-2\/"},"modified":"2026-04-22T23:32:31","modified_gmt":"2026-04-22T23:32:31","slug":"studiologic-numa-compact-2","status":"publish","type":"product","link":"https:\/\/gigionestrumentimusicali.it\/index.php\/product\/studiologic-numa-compact-2\/","title":{"rendered":"STUDIOLOGIC NUMA COMPACT 2"},"content":{"rendered":"<p>  ORGANO CON RUOTE FONICHE VIRTUALI 73 TASTI<\/p>\n<p>La sua sintesi a Modelli Fisici \u00e8 la pi\u00f9 autentica rinascita del suono di  un organo con ruota fonica elettromeccanico. I modelli sonori del Numa Organ 2 sono  stati progettati per fornire una vasta gamma di suoni, derivata dalla analisi del  carattere principale di alcuni dei suoni di organo pi\u00f9 popolari, permettendo di  costruire combinazioni utilizzando draw-bar e tutti gli effetti di post processing  disponibili (Vibrato , Chorus, Rotary, Reverb, Drive, Click, Leakage). La Numa Organ  2 si comporta come un clone di alcuni organi con ruota fonica, e cattura alcuni  caratteri di vecchi organi acustici ed elettronici mantenendo la massima flessibilit\u00e0  di utilizzo di qualsiasi mixaggio custom, funzione di editing e controllo. Utilizzando  l&#8217;ottava invertita \u00e8 possibile selezionare uno dei 7 diversi modelli sonori tra  organi ToneWheel, organi elettrici e church diapason. Con il pannello di controllo  esteso \u00e8 possibile utilizzare pi\u00f9 di 30 controlli fisici per adattare il suono ai  tuoi gusti. Qualsiasi combinazione di suono pu\u00f2 essere memorizzato in una delle  12 posizioni di memoria e pu\u00f2 essere immediatamente richiamata dalla ottava invertita.  Scuola moderna e antica allo stesso tempo. Collega lo strumento ad un computer tramite  la porta USB e controllare un vero Leslie dalla porta 11-pin.<\/p>\n<p>  \u00a0<\/p>\n<p>  <span style=\"color:#000080\">Caratteristiche principali<\/span><\/p>\n<p>  \u00a0<\/p>\n<p>  Tastiera: TP8O (Waterfall) 73 tasti (61 tasti + prima ottava con i colori invertiti)<\/p>\n<p>  Generazione Sonora: Sistema di Sintesi a Modellazione Fisica e Analogica Advanced  Floating Point<\/p>\n<p>  12 Preset<\/p>\n<p>  Controlli: 9 Drawbars, Pitch Wheel, Rotary \/ Modulation Wheel, Manopola Chorus \/  Vibrato, Preset, Split, Transpose \/ Tune, Percussion, Effects (Reverb, Drive, Key  Click, Leakage), Volume d&#8217;uscita (Output volume) \/ EQ, MIDI Local On\/Off<\/p>\n<p>  Connessioni: 2x Uscite audio (L\/R), jack da 6,3mm, 1 Stereo Audio In, mini jack  3,5mm, 2 Uscite per Cuffie, 2 Porte USB (MIDI \/ Updates), MIDI In \/ Out \/ Thru,  2x Pedali (Hold \/ Expression)<\/p>\n<p>  1x Connettore 11 Pin per Rotary Speaker<\/p>\n<p>  Alimentazione: 100 &#8211; 240 V, AC<\/p>\n<p>  Contenuto: Numa Organ 2, Cavo di alimentazione, Manuale CD<\/p>\n<p>  Dimensioni: 1055 x 300 x 105mm<\/p>\n<p>  <b>Peso: 11Kg<\/b><\/p>\n<p>  \u00a0<\/p>\n","protected":false},"excerpt":{"rendered":"<p>La Compact 2 &egrave; un pianoforte digitale e controller MIDI della Numa, con 88 tasti. E&#8217; dotato di 88 suoni tra pianoforti, organi, chitarre, sintetizzatori e altro, 2 stick programmabili per pitch bend e modulation, pulsanti assegnabili per il controllo MIDI e display OLED.<\/p>\n<p>Tastiera: 88 tasti semi-pesati sensibili alla velocity<br \/>Polifonia a 128 voci<br \/>Effetti: Drive, Chorus, Phaser, Flanger, Rotary, Tremolo, Pan Trem, Delay, Riverberb, Strings Resonance<br \/>USB: 1x USB B<br \/>Uscite audio: 2&#215;1\/4&#8221;(L\/R)<br \/>Cuffie: 1&#215;1\/4&#8221;<br \/>Ingressi pedali: 2&#215;1\/4&#8221; per pedali opzionali<br \/>MIDI I\/O: In\/Out<br \/>Dimensioni: 1270 x 230 x 100mm<br \/>Peso: 7,1kg<\/p>\n","protected":false},"featured_media":3641,"template":"","meta":{"site-sidebar-layout":"default","site-content-layout":"","ast-site-content-layout":"default","site-content-style":"default","site-sidebar-style":"default","ast-global-header-display":"","ast-banner-title-visibility":"","ast-main-header-display":"","ast-hfb-above-header-display":"","ast-hfb-below-header-display":"","ast-hfb-mobile-header-display":"","site-post-title":"","ast-breadcrumbs-content":"","ast-featured-img":"","footer-sml-layout":"","theme-transparent-header-meta":"","adv-header-id-meta":"","stick-header-meta":"","header-above-stick-meta":"","header-main-stick-meta":"","header-below-stick-meta":"","astra-migrate-meta-layouts":"default","ast-page-background-enabled":"default","ast-page-background-meta":{"desktop":{"background-color":"var(--ast-global-color-4)","background-image":"","background-repeat":"repeat","background-position":"center center","background-size":"auto","background-attachment":"scroll","background-type":"","background-media":"","overlay-type":"","overlay-color":"","overlay-opacity":"","overlay-gradient":""},"tablet":{"background-color":"","background-image":"","background-repeat":"repeat","background-position":"center center","background-size":"auto","background-attachment":"scroll","background-type":"","background-media":"","overlay-type":"","overlay-color":"","overlay-opacity":"","overlay-gradient":""},"mobile":{"background-color":"","background-image":"","background-repeat":"repeat","background-position":"center center","background-size":"auto","background-attachment":"scroll","background-type":"","background-media":"","overlay-type":"","overlay-color":"","overlay-opacity":"","overlay-gradient":""}},"ast-content-background-meta":{"desktop":{"background-color":"var(--ast-global-color-5)","background-image":"","background-repeat":"repeat","background-position":"center center","background-size":"auto","background-attachment":"scroll","background-type":"","background-media":"","overlay-type":"","overlay-color":"","overlay-opacity":"","overlay-gradient":""},"tablet":{"background-color":"var(--ast-global-color-5)","background-image":"","background-repeat":"repeat","background-position":"center center","background-size":"auto","background-attachment":"scroll","background-type":"","background-media":"","overlay-type":"","overlay-color":"","overlay-opacity":"","overlay-gradient":""},"mobile":{"background-color":"var(--ast-global-color-5)","background-image":"","background-repeat":"repeat","background-position":"center center","background-size":"auto","background-attachment":"scroll","background-type":"","background-media":"","overlay-type":"","overlay-color":"","overlay-opacity":"","overlay-gradient":""}}},"product_brand":[],"product_cat":[675],"product_tag":[724],"class_list":{"0":"post-3642","1":"product","2":"type-product","3":"status-publish","4":"has-post-thumbnail","6":"product_cat-pianoforti-digitali","7":"product_tag-dr-strings","8":"desktop-align-left","9":"tablet-align-left","10":"mobile-align-left","12":"first","13":"instock","14":"taxable","15":"shipping-taxable","16":"purchasable","17":"product-type-simple"},"_links":{"self":[{"href":"https:\/\/gigionestrumentimusicali.it\/index.php\/wp-json\/wp\/v2\/product\/3642","targetHints":{"allow":["GET"]}}],"collection":[{"href":"https:\/\/gigionestrumentimusicali.it\/index.php\/wp-json\/wp\/v2\/product"}],"about":[{"href":"https:\/\/gigionestrumentimusicali.it\/index.php\/wp-json\/wp\/v2\/types\/product"}],"wp:featuredmedia":[{"embeddable":true,"href":"https:\/\/gigionestrumentimusicali.it\/index.php\/wp-json\/wp\/v2\/media\/3641"}],"wp:attachment":[{"href":"https:\/\/gigionestrumentimusicali.it\/index.php\/wp-json\/wp\/v2\/media?parent=3642"}],"wp:term":[{"taxonomy":"product_brand","embeddable":true,"href":"https:\/\/gigionestrumentimusicali.it\/index.php\/wp-json\/wp\/v2\/product_brand?post=3642"},{"taxonomy":"product_cat","embeddable":true,"href":"https:\/\/gigionestrumentimusicali.it\/index.php\/wp-json\/wp\/v2\/product_cat?post=3642"},{"taxonomy":"product_tag","embeddable":true,"href":"https:\/\/gigionestrumentimusicali.it\/index.php\/wp-json\/wp\/v2\/product_tag?post=3642"}],"curies":[{"name":"wp","href":"https:\/\/api.w.org\/{rel}","templated":true}]}}