{"id":3813,"date":"2024-10-11T10:07:41","date_gmt":"2024-10-11T10:07:41","guid":{"rendered":"https:\/\/gigionestrumentimusicali.it\/index.php\/product\/yamaha-u3h-pianoforte-acustico\/"},"modified":"2026-04-09T18:53:21","modified_gmt":"2026-04-09T18:53:21","slug":"yamaha-u3h-pianoforte-acustico","status":"publish","type":"product","link":"https:\/\/gigionestrumentimusicali.it\/index.php\/product\/yamaha-u3h-pianoforte-acustico\/","title":{"rendered":"YAMAHA U3H PIANOFORTE ACUSTICO"},"content":{"rendered":"<p>Marca: Yamaha<br \/>Descrizione<br \/>Questo pianoforte verticale Yamaha U3H usato \u00e8 alto 131 cm ed \u00e8 dotato di 3 pedali tra cui il pedale della sordina utile per attutire il suono del pianoforte nelle ore serali. Per le sue caratteristiche di altezza e solidit\u00e0 il modello Yamaha U3H si pu\u00f2 considerare il pianoforte ideale per studenti e insegnanti che necessitano esercitarsi in lunghe sessioni di studio. Yamaha U3 \u00e8 il pianoforte verticale pi\u00f9 usato nei Conservatori e nelle aule delle scuole musicali. Questo modello di  pianoforte verticale viene utilizzato per\u00f2 anche per concerti. La lunghezza delle corde, simile ad un pianoforte a coda, e l\u2019ampiezza della tavola armonica gli donano infatti un suono pieno e profondo, ricco e dinamico. La lunghezza del apparato tastiera permette una gestione del tocco e del suono come pochi pianoforti verticali.<br \/>Prodotto negli anni \u201970 in Giappone lo  Yamaha U3H usato viene proposto da Griffa &amp; Figli  in ottime condizioni d\u2019uso in ogni sua parte. Le parti della meccanica e della tastiera risultano ancora originali e di prima fornitura, in grado di sostenere lo studio di ogni tipo di studente o professionista, per molti anni ancora, praticamente come un pianoforte nuovo. Prima di essere venduto o proposto ogni nostro pianoforte viene sottoposto ad un severo controllo di regolazione di tutto il meccanismo d\u2019azione, di tastiera, pedaliera, oltre che sottoposto ad un lavoro meticoloso per stabilizzare l\u2019accordatura, per la regolazione del timbro nei vari registri e per l\u2019armonizzazione dei suoni. I nostri tecnici saranno a vostra disposizione per assecondare le vostre necessit\u00e0 nella preparazione del pianoforte, sia prima che dopo la vendita. Per questo motivo possiamo fornire tranquillamente una Garanzia di 5 anni per i nostri pianoforti usati, consapevoli che i nostri pianoforti manterranno nel tempo la loro qualit\u00e0 e il loro valore.<br \/>La cordiera \u00e8 di prima fornitura e non presenta corde gi\u00e0 sostituite. In base alle condizioni d\u2019uso si pu\u00f2 garantire un modesto uso precedente.<br \/>Pianoforte conservato in ambiente sano e senza difetti in ogni parte strutturale. Perfetta tenuta dell\u2019accordatura.<br \/>Meccanica e tastiera consentono un perfetto controllo del tocco. Suono brillante e molto definito risulta adeguato ad ogni repertorio.<\/p>\n<p>Mobile perfetto.<\/p>\n<p>Pianoforte disponibile per la prova.<\/p>\n<p><span style=\", sans-serif;font-size: 16px\">N.B. il prodotto proposto non e\u2019 ricondizionato, bens\u00ec da esposizione, con trasporto, accordatura e panca inclusa nel prezzo<\/span><\/p>\n<p>Misure: alt. cm. 131, largh. cm. 154, prof.63<\/p>\n<p>PER COSTI SPEDIZIONE CONTATTARE: 0818584793 &#8211; 3500473346 &#8211; INFO@GIGIONESTRUMENTIMUSICALI.IT<\/p>\n","protected":false},"excerpt":{"rendered":"<p>Marca: Yamaha<br \/>Descrizione<br \/>Questo pianoforte verticale Yamaha U3H usato \u00e8 alto 131 cm ed \u00e8 dotato di 3 pedali tra cui il pedale della sordina utile per attutire il suono del pianoforte nelle ore serali. Per le sue caratteristiche di altezza e solidit\u00e0 il modello Yamaha U3H si pu\u00f2 considerare il pianoforte ideale per studenti e insegnanti che necessitano esercitarsi in lunghe sessioni di studio. Yamaha U3 \u00e8 il pianoforte verticale pi\u00f9 usato nei Conservatori e nelle aule delle scuole musicali. Questo modello di  pianoforte verticale viene utilizzato per\u00f2 anche per concerti. La lunghezza delle corde, simile ad un pianoforte a coda, e l\u2019ampiezza della tavola armonica gli donano infatti un suono pieno e profondo, ricco e dinamico. La lunghezza del apparato tastiera permette una gestione del tocco e del suono come pochi pianoforti verticali.<br \/>Prodotto negli anni \u201970 in Giappone lo  Yamaha U3H usato viene proposto da Griffa &amp; Figli  in ottime condizioni d\u2019uso in ogni sua parte. Le parti della meccanica e della tastiera risultano ancora originali e di prima fornitura, in grado di sostenere lo studio di ogni tipo di studente o professionista, per molti anni ancora, praticamente come un pianoforte nuovo. Prima di essere venduto o proposto ogni nostro pianoforte viene sottoposto ad un severo controllo di regolazione di tutto il meccanismo d\u2019azione, di tastiera, pedaliera, oltre che sottoposto ad un lavoro meticoloso per stabilizzare l\u2019accordatura, per la regolazione del timbro nei vari registri e per l\u2019armonizzazione dei suoni. I nostri tecnici saranno a vostra disposizione per assecondare le vostre necessit\u00e0 nella preparazione del pianoforte, sia prima che dopo la vendita. Per questo motivo possiamo fornire tranquillamente una Garanzia di 5 anni per i nostri pianoforti usati, consapevoli che i nostri pianoforti manterranno nel tempo la loro qualit\u00e0 e il loro valore.<br \/>La cordiera \u00e8 di prima fornitura e non presenta corde gi\u00e0 sostituite. In base alle condizioni d\u2019uso si pu\u00f2 garantire un modesto uso precedente.<br \/>Pianoforte conservato in ambiente sano e senza difetti in ogni parte strutturale. Perfetta tenuta dell\u2019accordatura.<br \/>Meccanica e tastiera consentono un perfetto controllo del tocco. Suono brillante e molto definito risulta adeguato ad ogni repertorio.<\/p>\n<p>Mobile perfetto.<\/p>\n<p>Pianoforte disponibile per la prova.<\/p>\n<p><span style=\", sans-serif;font-size: 16px\">N.B. il prodotto proposto non e\u2019 ricondizionato, bens\u00ec da esposizione, con trasporto, accordatura e panca inclusa nel prezzo<\/span><\/p>\n<p>Misure: alt. cm. 131, largh. cm. 154, prof.63<\/p>\n<p>PER COSTI SPEDIZIONE CONTATTARE: 0818584793 &#8211; 3500473346 &#8211; INFO@GIGIONESTRUMENTIMUSICALI.IT<\/p>\n","protected":false},"featured_media":24401,"template":"","meta":{"site-sidebar-layout":"default","site-content-layout":"","ast-site-content-layout":"default","site-content-style":"default","site-sidebar-style":"default","ast-global-header-display":"","ast-banner-title-visibility":"","ast-main-header-display":"","ast-hfb-above-header-display":"","ast-hfb-below-header-display":"","ast-hfb-mobile-header-display":"","site-post-title":"","ast-breadcrumbs-content":"","ast-featured-img":"","footer-sml-layout":"","theme-transparent-header-meta":"","adv-header-id-meta":"","stick-header-meta":"","header-above-stick-meta":"","header-main-stick-meta":"","header-below-stick-meta":"","astra-migrate-meta-layouts":"default","ast-page-background-enabled":"default","ast-page-background-meta":{"desktop":{"background-color":"var(--ast-global-color-4)","background-image":"","background-repeat":"repeat","background-position":"center center","background-size":"auto","background-attachment":"scroll","background-type":"","background-media":"","overlay-type":"","overlay-color":"","overlay-opacity":"","overlay-gradient":""},"tablet":{"background-color":"","background-image":"","background-repeat":"repeat","background-position":"center center","background-size":"auto","background-attachment":"scroll","background-type":"","background-media":"","overlay-type":"","overlay-color":"","overlay-opacity":"","overlay-gradient":""},"mobile":{"background-color":"","background-image":"","background-repeat":"repeat","background-position":"center center","background-size":"auto","background-attachment":"scroll","background-type":"","background-media":"","overlay-type":"","overlay-color":"","overlay-opacity":"","overlay-gradient":""}},"ast-content-background-meta":{"desktop":{"background-color":"var(--ast-global-color-5)","background-image":"","background-repeat":"repeat","background-position":"center center","background-size":"auto","background-attachment":"scroll","background-type":"","background-media":"","overlay-type":"","overlay-color":"","overlay-opacity":"","overlay-gradient":""},"tablet":{"background-color":"var(--ast-global-color-5)","background-image":"","background-repeat":"repeat","background-position":"center center","background-size":"auto","background-attachment":"scroll","background-type":"","background-media":"","overlay-type":"","overlay-color":"","overlay-opacity":"","overlay-gradient":""},"mobile":{"background-color":"var(--ast-global-color-5)","background-image":"","background-repeat":"repeat","background-position":"center center","background-size":"auto","background-attachment":"scroll","background-type":"","background-media":"","overlay-type":"","overlay-color":"","overlay-opacity":"","overlay-gradient":""}}},"product_brand":[],"product_cat":[646],"product_tag":[776],"class_list":{"0":"post-3813","1":"product","2":"type-product","3":"status-publish","4":"has-post-thumbnail","6":"product_cat-pianoforti-acustici-pianoforti-acustici","7":"product_tag-yamaha","8":"desktop-align-left","9":"tablet-align-left","10":"mobile-align-left","12":"first","13":"instock","14":"taxable","15":"shipping-taxable","16":"purchasable","17":"product-type-simple"},"_links":{"self":[{"href":"https:\/\/gigionestrumentimusicali.it\/index.php\/wp-json\/wp\/v2\/product\/3813","targetHints":{"allow":["GET"]}}],"collection":[{"href":"https:\/\/gigionestrumentimusicali.it\/index.php\/wp-json\/wp\/v2\/product"}],"about":[{"href":"https:\/\/gigionestrumentimusicali.it\/index.php\/wp-json\/wp\/v2\/types\/product"}],"wp:featuredmedia":[{"embeddable":true,"href":"https:\/\/gigionestrumentimusicali.it\/index.php\/wp-json\/wp\/v2\/media\/24401"}],"wp:attachment":[{"href":"https:\/\/gigionestrumentimusicali.it\/index.php\/wp-json\/wp\/v2\/media?parent=3813"}],"wp:term":[{"taxonomy":"product_brand","embeddable":true,"href":"https:\/\/gigionestrumentimusicali.it\/index.php\/wp-json\/wp\/v2\/product_brand?post=3813"},{"taxonomy":"product_cat","embeddable":true,"href":"https:\/\/gigionestrumentimusicali.it\/index.php\/wp-json\/wp\/v2\/product_cat?post=3813"},{"taxonomy":"product_tag","embeddable":true,"href":"https:\/\/gigionestrumentimusicali.it\/index.php\/wp-json\/wp\/v2\/product_tag?post=3813"}],"curies":[{"name":"wp","href":"https:\/\/api.w.org\/{rel}","templated":true}]}}