{"id":4356,"date":"2024-10-11T10:30:42","date_gmt":"2024-10-11T10:30:42","guid":{"rendered":"https:\/\/gigionestrumentimusicali.it\/index.php\/product\/disco-192-controller-mixer-luci-dmx-show-designer\/"},"modified":"2026-04-15T07:35:32","modified_gmt":"2026-04-15T07:35:32","slug":"disco-192-controller-mixer-luci-dmx-show-designer","status":"publish","type":"product","link":"https:\/\/gigionestrumentimusicali.it\/index.php\/product\/disco-192-controller-mixer-luci-dmx-show-designer\/","title":{"rendered":"DISCO 192 CONTROLLER MIXER LUCI DMX SHOW DESIGNER"},"content":{"rendered":"<p>  Mixer Luci Show Designer DMX<\/p>\n<p>  Cod.63400<\/p>\n<p>  192 cananli dmx<br \/>12 Scanners (proiettori\/banchi) 16 canali ognuno<br \/>30 Banchi  per 8 scene programmabile cadauno<br \/>6 chase Programmal\u00ecbili da 240 scene<br \/>8  Sliders for controllo manuale dei canali<br \/>modalit\u00e0 program automatica possibilit\u00e0  di controllare la velocit\u00e0 ed il tempo di fade attraverso due sliders dedicati<br \/>tempo  di fade \/ velocit\u00e0<br \/>pulsante per Blackout generale<br \/>canali dmx Reversibili  uno rispetto all\u2019altro all\u2019intenrno di un chase.<br \/>possibilit\u00e0 di  modificare in tempo reale i programmi in esecuzione<br \/>microfono interno per moddalit\u00e0  sound control<br \/>controllo Midi sui banchi, chases, and blackout<br \/>selettore  per la polarit\u00e0 DMX<br \/>memoria interna<br \/>4 bit LED display<\/p>\n<p>  SPECIFICHE TECNICHE<\/p>\n<p>  Alimentazione: 110-220Vac, 50-50Hz(DC9V-12V)<br \/>Tensione Elettrica: maggiore di  300mA<br \/>Consumo: 10W<br \/>Segnale: DMX512<br \/>Canali dmx: 192 CH<br \/>Dimensioni:  L570*W180*H118mm<br \/>Peso: 2.8 KG<br \/>Grado di protezione: IP20<\/p>\n<p>  <strong style=\"font-weight: bold\">Packing:<\/strong><br \/>1* mixer luci show designer<br \/>1*  cavo 3 pin dmx<br \/>1* manuale<br \/>1* alimentazione DC9V-12V<\/p>\n<p>  \u00a0<\/p>\n","protected":false},"excerpt":{"rendered":"<p>Mixer Luci Show Designer DMX Cod.63400 192 cananli dmx12 Scanners (proiettori\/banchi) 16 canali ognuno30 Banchi per 8 scene programmabile cadauno6 chase Programmal\u00ecbili da 240 scene8 Sliders for controllo manuale dei canalimodalit\u00e0 program automatica possibilit\u00e0 di controllare la velocit\u00e0 ed il tempo di fade attraverso due sliders dedicatitempo di fade \/ velocit\u00e0pulsante per Blackout generalecanali dmx [&hellip;]<\/p>\n","protected":false},"featured_media":4355,"template":"","meta":{"site-sidebar-layout":"default","site-content-layout":"","ast-site-content-layout":"default","site-content-style":"default","site-sidebar-style":"default","ast-global-header-display":"","ast-banner-title-visibility":"","ast-main-header-display":"","ast-hfb-above-header-display":"","ast-hfb-below-header-display":"","ast-hfb-mobile-header-display":"","site-post-title":"","ast-breadcrumbs-content":"","ast-featured-img":"","footer-sml-layout":"","theme-transparent-header-meta":"","adv-header-id-meta":"","stick-header-meta":"","header-above-stick-meta":"","header-main-stick-meta":"","header-below-stick-meta":"","astra-migrate-meta-layouts":"default","ast-page-background-enabled":"default","ast-page-background-meta":{"desktop":{"background-color":"var(--ast-global-color-4)","background-image":"","background-repeat":"repeat","background-position":"center center","background-size":"auto","background-attachment":"scroll","background-type":"","background-media":"","overlay-type":"","overlay-color":"","overlay-opacity":"","overlay-gradient":""},"tablet":{"background-color":"","background-image":"","background-repeat":"repeat","background-position":"center center","background-size":"auto","background-attachment":"scroll","background-type":"","background-media":"","overlay-type":"","overlay-color":"","overlay-opacity":"","overlay-gradient":""},"mobile":{"background-color":"","background-image":"","background-repeat":"repeat","background-position":"center center","background-size":"auto","background-attachment":"scroll","background-type":"","background-media":"","overlay-type":"","overlay-color":"","overlay-opacity":"","overlay-gradient":""}},"ast-content-background-meta":{"desktop":{"background-color":"var(--ast-global-color-5)","background-image":"","background-repeat":"repeat","background-position":"center center","background-size":"auto","background-attachment":"scroll","background-type":"","background-media":"","overlay-type":"","overlay-color":"","overlay-opacity":"","overlay-gradient":""},"tablet":{"background-color":"var(--ast-global-color-5)","background-image":"","background-repeat":"repeat","background-position":"center center","background-size":"auto","background-attachment":"scroll","background-type":"","background-media":"","overlay-type":"","overlay-color":"","overlay-opacity":"","overlay-gradient":""},"mobile":{"background-color":"var(--ast-global-color-5)","background-image":"","background-repeat":"repeat","background-position":"center center","background-size":"auto","background-attachment":"scroll","background-type":"","background-media":"","overlay-type":"","overlay-color":"","overlay-opacity":"","overlay-gradient":""}}},"product_brand":[],"product_cat":[125],"product_tag":[],"class_list":{"0":"post-4356","1":"product","2":"type-product","3":"status-publish","4":"has-post-thumbnail","6":"product_cat-lighting","7":"desktop-align-left","8":"tablet-align-left","9":"mobile-align-left","11":"first","12":"instock","13":"taxable","14":"shipping-taxable","15":"purchasable","16":"product-type-simple"},"_links":{"self":[{"href":"https:\/\/gigionestrumentimusicali.it\/index.php\/wp-json\/wp\/v2\/product\/4356","targetHints":{"allow":["GET"]}}],"collection":[{"href":"https:\/\/gigionestrumentimusicali.it\/index.php\/wp-json\/wp\/v2\/product"}],"about":[{"href":"https:\/\/gigionestrumentimusicali.it\/index.php\/wp-json\/wp\/v2\/types\/product"}],"wp:featuredmedia":[{"embeddable":true,"href":"https:\/\/gigionestrumentimusicali.it\/index.php\/wp-json\/wp\/v2\/media\/4355"}],"wp:attachment":[{"href":"https:\/\/gigionestrumentimusicali.it\/index.php\/wp-json\/wp\/v2\/media?parent=4356"}],"wp:term":[{"taxonomy":"product_brand","embeddable":true,"href":"https:\/\/gigionestrumentimusicali.it\/index.php\/wp-json\/wp\/v2\/product_brand?post=4356"},{"taxonomy":"product_cat","embeddable":true,"href":"https:\/\/gigionestrumentimusicali.it\/index.php\/wp-json\/wp\/v2\/product_cat?post=4356"},{"taxonomy":"product_tag","embeddable":true,"href":"https:\/\/gigionestrumentimusicali.it\/index.php\/wp-json\/wp\/v2\/product_tag?post=4356"}],"curies":[{"name":"wp","href":"https:\/\/api.w.org\/{rel}","templated":true}]}}