{"id":5907,"date":"2024-10-28T09:10:12","date_gmt":"2024-10-28T09:10:12","guid":{"rendered":"https:\/\/gigionestrumentimusicali.it\/index.php\/product\/boss-db90\/"},"modified":"2026-04-07T22:12:37","modified_gmt":"2026-04-07T22:12:37","slug":"boss-db90","status":"publish","type":"product","link":"https:\/\/gigionestrumentimusicali.it\/index.php\/product\/boss-db90\/","title":{"rendered":"BOSS DB90"},"content":{"rendered":"<p>  METRONOMO DIGITALE PORTATILE<\/p>\n<p>Il DB-90 non \u00e8 soltanto un metronomo ma \u00e8 uno strumento di alta tecnologia,  versatile e ricco di funzioni. Suoni di qualit\u00e0, pattern ritmici, funzioni professionali  che lo rendono uno strumento adatto a qualsiasi musicista ed in particolar modo  ai batteristi che possono direttamente connettersi al DB-90 (trigger input) via  V-Pad oppure ai chitarristi e bassisti che possono connettersi senza ausilio di  altri strumenti.<\/p>\n<p>  <br style=\"font-family: arial, verdana, helvetica, sans-serif;font-size: 13px;font-style: normal;font-variant: normal;font-weight: normal;letter-spacing: normal;line-height: normal;text-align: start;text-indent: 0px;text-transform: none;white-space: normal\" \/><\/p>\n<p>  <span style=\"color:#000080\">Caratteristiche<\/span><\/p>\n<p>  \u00a0<\/p>\n<p>  <b>Metronomo programmabile che consente la customizzazione dei patterns<\/b><\/p>\n<p>  <b>Sliders, manopole e display retroilluminato per facilitare l&#8217;utilizzo in qualsiasi  condizione<\/b><\/p>\n<p>  <b>4 tipi di metronomo (inclusa voce umana)<\/b><\/p>\n<p>  <b>Toni di riferimento per accordatura ad orecchio<\/b><\/p>\n<p>  <b>Funzione Rhythm Coach per connessione V-Pad (opzionale). Pad acustici possono  essere ripresi attraverso il microfono integrato<\/b><\/p>\n<p>  <b>Connessione diretta per chitarra e basso con monitoring in cuffia<\/b><\/p>\n<p>  <b>Controllo play\/stop via footswitch e porta MIDI IN per la sincronia con sequencer  esterni (utile on stage)<span class=\"Apple-converted-space\">\u00a0<\/span><\/b><\/p>\n<p>  \u00a0<\/p>\n","protected":false},"excerpt":{"rendered":"<p>METRONOMO DIGITALE PORTATILE<\/p>\n<p>Il DB-90 non &egrave; soltanto un metronomo ma &egrave; uno strumento di alta tecnologia, versatile e ricco di funzioni. Suoni di qualit&agrave;, pattern ritmici, funzioni professionali che lo rendono uno strumento adatto a qualsiasi musicista ed in particolar modo ai batteristi che possono direttamente connettersi al DB-90 (trigger input) via V-Pad oppure ai chitarristi e bassisti che possono connettersi senza ausilio di altri strumenti.<\/p>\n<p>Caratteristiche<\/p>\n<p>Metronomo programmabile che consente la customizzazione dei patterns<br \/>Sliders, manopole e display retroilluminato per facilitare l&#8217;utilizzo in qualsiasi condizione<br \/>4 tipi di metronomo (inclusa voce umana)<br \/>Toni di riferimento per accordatura ad orecchio<br \/>Funzione Rhythm Coach per connessione V-Pad (opzionale). Pad acustici possono essere ripresi attraverso il microfono integrato<br \/>Connessione diretta per chitarra e basso con monitoring in cuffia<br \/>Controllo play\/stop via footswitch e porta MIDI IN per la sincronia con sequencer esterni (utile on stage)<\/p>\n","protected":false},"featured_media":5906,"template":"","meta":{"site-sidebar-layout":"default","site-content-layout":"","ast-site-content-layout":"default","site-content-style":"default","site-sidebar-style":"default","ast-global-header-display":"","ast-banner-title-visibility":"","ast-main-header-display":"","ast-hfb-above-header-display":"","ast-hfb-below-header-display":"","ast-hfb-mobile-header-display":"","site-post-title":"","ast-breadcrumbs-content":"","ast-featured-img":"","footer-sml-layout":"","theme-transparent-header-meta":"","adv-header-id-meta":"","stick-header-meta":"","header-above-stick-meta":"","header-main-stick-meta":"","header-below-stick-meta":"","astra-migrate-meta-layouts":"default","ast-page-background-enabled":"default","ast-page-background-meta":{"desktop":{"background-color":"var(--ast-global-color-4)","background-image":"","background-repeat":"repeat","background-position":"center center","background-size":"auto","background-attachment":"scroll","background-type":"","background-media":"","overlay-type":"","overlay-color":"","overlay-opacity":"","overlay-gradient":""},"tablet":{"background-color":"","background-image":"","background-repeat":"repeat","background-position":"center center","background-size":"auto","background-attachment":"scroll","background-type":"","background-media":"","overlay-type":"","overlay-color":"","overlay-opacity":"","overlay-gradient":""},"mobile":{"background-color":"","background-image":"","background-repeat":"repeat","background-position":"center center","background-size":"auto","background-attachment":"scroll","background-type":"","background-media":"","overlay-type":"","overlay-color":"","overlay-opacity":"","overlay-gradient":""}},"ast-content-background-meta":{"desktop":{"background-color":"var(--ast-global-color-5)","background-image":"","background-repeat":"repeat","background-position":"center center","background-size":"auto","background-attachment":"scroll","background-type":"","background-media":"","overlay-type":"","overlay-color":"","overlay-opacity":"","overlay-gradient":""},"tablet":{"background-color":"var(--ast-global-color-5)","background-image":"","background-repeat":"repeat","background-position":"center center","background-size":"auto","background-attachment":"scroll","background-type":"","background-media":"","overlay-type":"","overlay-color":"","overlay-opacity":"","overlay-gradient":""},"mobile":{"background-color":"var(--ast-global-color-5)","background-image":"","background-repeat":"repeat","background-position":"center center","background-size":"auto","background-attachment":"scroll","background-type":"","background-media":"","overlay-type":"","overlay-color":"","overlay-opacity":"","overlay-gradient":""}}},"product_brand":[],"product_cat":[353],"product_tag":[714],"class_list":{"0":"post-5907","1":"product","2":"type-product","3":"status-publish","4":"has-post-thumbnail","6":"product_cat-accordatori-e-metronomi-accessori-per-chitarre","7":"product_tag-boss","8":"desktop-align-left","9":"tablet-align-left","10":"mobile-align-left","12":"first","13":"outofstock","14":"taxable","15":"shipping-taxable","16":"purchasable","17":"product-type-simple"},"_links":{"self":[{"href":"https:\/\/gigionestrumentimusicali.it\/index.php\/wp-json\/wp\/v2\/product\/5907","targetHints":{"allow":["GET"]}}],"collection":[{"href":"https:\/\/gigionestrumentimusicali.it\/index.php\/wp-json\/wp\/v2\/product"}],"about":[{"href":"https:\/\/gigionestrumentimusicali.it\/index.php\/wp-json\/wp\/v2\/types\/product"}],"wp:featuredmedia":[{"embeddable":true,"href":"https:\/\/gigionestrumentimusicali.it\/index.php\/wp-json\/wp\/v2\/media\/5906"}],"wp:attachment":[{"href":"https:\/\/gigionestrumentimusicali.it\/index.php\/wp-json\/wp\/v2\/media?parent=5907"}],"wp:term":[{"taxonomy":"product_brand","embeddable":true,"href":"https:\/\/gigionestrumentimusicali.it\/index.php\/wp-json\/wp\/v2\/product_brand?post=5907"},{"taxonomy":"product_cat","embeddable":true,"href":"https:\/\/gigionestrumentimusicali.it\/index.php\/wp-json\/wp\/v2\/product_cat?post=5907"},{"taxonomy":"product_tag","embeddable":true,"href":"https:\/\/gigionestrumentimusicali.it\/index.php\/wp-json\/wp\/v2\/product_tag?post=5907"}],"curies":[{"name":"wp","href":"https:\/\/api.w.org\/{rel}","templated":true}]}}