{"id":6650,"date":"2024-10-28T09:45:16","date_gmt":"2024-10-28T09:45:16","guid":{"rendered":"https:\/\/gigionestrumentimusicali.it\/index.php\/product\/blackstar-ht-5210-combo-w-rev\/"},"modified":"2024-10-31T13:30:23","modified_gmt":"2024-10-31T13:30:23","slug":"blackstar-ht-5210-combo-w-rev","status":"publish","type":"product","link":"https:\/\/gigionestrumentimusicali.it\/index.php\/product\/blackstar-ht-5210-combo-w-rev\/","title":{"rendered":"BLACKSTAR HT-5210 COMBO W\/REV"},"content":{"rendered":"<p>  AMPLIFICATORE COMBO VALVOLARE 2&#215;10&#8243; CON RIVERBERO 5W<\/p>\n<p>Caratterizzato dalle stesse specifiche dell&#8217;HT-5TH Anniversary Limited Edition,  questo bellissimo combo 2\u00d710&#8243; entra a far parte della produzione Blackstar standard.  Il vantaggio di avere due altoparlanti rispetto alla tradizionale versione del combo  HT-5R, \u00e8 quella di una maggiore superficie sonora che vibra e che sposta pi\u00f9 aria,  creando un suono pi\u00f9 grande senza aggiungere un sacco di volume! Perfetto per tutti  coloro che impazziscono per le incredibili caratteristiche del combo HT-5R, come  il circuito completamente valvolare, il send e return, il controllo di tono ISF  (che consente di spostarsi da un suono pi\u00f9 americano ad un suono british) ma che  desiderano un suono pi\u00f9 grande che si pu\u00f2 ottenere solo da un amplificatore con  due coni.<\/p>\n<p>  \u00a0<\/p>\n<p>  <span style=\"color:#000080\">Caratteristiche principali<\/span><\/p>\n<p>  \u00a0<\/p>\n<p>  Potenza: 5W<\/p>\n<p>  Tipologia Finale: Design Push-Pull<\/p>\n<p>  Valvole: 1x ECC83, 1x 12BH7<\/p>\n<p>  Speaker: 2x 10&#8243; Speaker Celestion<\/p>\n<p>  Canali: Clean &#8211; Overdrive<\/p>\n<p>  Loop Effetti con Effect Level Switch +4dBV\/-10dBV<\/p>\n<p>  Controlli: Tone, Volume (Clean Channel), Gain, Volume, Bass, Middle, Treble (Overdrive  Channel), ISF, Reverb, Clean\/Overdrive Switch<\/p>\n<p>  Uscite: External Speaker Out \u2013 Speaker Emulated Out con selettore 4&#215;12&#8243; \/  1&#215;12&#8243;<\/p>\n<p>  Funzioni Esclusive: Stereo MP3 \/ Line In, External Speaker Out, Infinite Shape Feature  (ISF), Digital Stereo Reverb<\/p>\n<p>  Switching: Manuale \/ Footswitch (FS-4 incluso)<\/p>\n<p>  Dimensioni: 577 x 237 x 470mm<\/p>\n<p>  <b>Peso: 17kg<\/b><\/p>\n<p>  \u00a0<\/p>\n","protected":false},"excerpt":{"rendered":"<p>AMPLIFICATORE COMBO VALVOLARE 2&#215;10&#8243; CON RIVERBERO 5W<\/p>\n<p>Caratterizzato dalle stesse specifiche dell&#8217;HT-5TH Anniversary Limited Edition, questo bellissimo combo 2&times;10&#8243; entra a far parte della produzione Blackstar standard. Il vantaggio di avere due altoparlanti rispetto alla tradizionale versione del combo HT-5R, &egrave; quella di una maggiore superficie sonora che vibra e che sposta pi&ugrave; aria, creando un suono pi&ugrave; grande senza aggiungere un sacco di volume! Perfetto per tutti coloro che impazziscono per le incredibili caratteristiche del combo HT-5R, come il circuito completamente valvolare, il send e return, il controllo di tono ISF (che consente di spostarsi da un suono pi&ugrave; americano ad un suono british) ma che desiderano un suono pi&ugrave; grande che si pu&ograve; ottenere solo da un amplificatore con due coni.<br \/>Caratteristiche principali<\/p>\n<p>Potenza: 5W<br \/>Tipologia Finale: Design Push-Pull<br \/>Valvole: 1x ECC83, 1x 12BH7<br \/>Speaker: 2x 10&#8243; Speaker Celestion<br \/>Canali: Clean &#8211; Overdrive<br \/>Loop Effetti con Effect Level Switch +4dBV\/-10dBV<br \/>Controlli: Tone, Volume (Clean Channel), Gain, Volume, Bass, Middle, Treble (Overdrive Channel), ISF, Reverb, Clean\/Overdrive Switch<br \/>Uscite: External Speaker Out &ndash; Speaker Emulated Out con selettore 4&#215;12&#8243; \/ 1&#215;12&#8243;<br \/>Funzioni Esclusive: Stereo MP3 \/ Line In, External Speaker Out, Infinite Shape Feature (ISF), Digital Stereo Reverb<br \/>Switching: Manuale \/ Footswitch (FS-4 incluso)<br \/>Dimensioni: 577 x 237 x 470mm<br \/>Peso: 17kg<\/p>\n","protected":false},"featured_media":6648,"template":"","meta":{"site-sidebar-layout":"default","site-content-layout":"","ast-site-content-layout":"default","site-content-style":"default","site-sidebar-style":"default","ast-global-header-display":"","ast-banner-title-visibility":"","ast-main-header-display":"","ast-hfb-above-header-display":"","ast-hfb-below-header-display":"","ast-hfb-mobile-header-display":"","site-post-title":"","ast-breadcrumbs-content":"","ast-featured-img":"","footer-sml-layout":"","theme-transparent-header-meta":"","adv-header-id-meta":"","stick-header-meta":"","header-above-stick-meta":"","header-main-stick-meta":"","header-below-stick-meta":"","astra-migrate-meta-layouts":"default","ast-page-background-enabled":"default","ast-page-background-meta":{"desktop":{"background-color":"var(--ast-global-color-4)","background-image":"","background-repeat":"repeat","background-position":"center center","background-size":"auto","background-attachment":"scroll","background-type":"","background-media":"","overlay-type":"","overlay-color":"","overlay-opacity":"","overlay-gradient":""},"tablet":{"background-color":"","background-image":"","background-repeat":"repeat","background-position":"center center","background-size":"auto","background-attachment":"scroll","background-type":"","background-media":"","overlay-type":"","overlay-color":"","overlay-opacity":"","overlay-gradient":""},"mobile":{"background-color":"","background-image":"","background-repeat":"repeat","background-position":"center center","background-size":"auto","background-attachment":"scroll","background-type":"","background-media":"","overlay-type":"","overlay-color":"","overlay-opacity":"","overlay-gradient":""}},"ast-content-background-meta":{"desktop":{"background-color":"var(--ast-global-color-5)","background-image":"","background-repeat":"repeat","background-position":"center center","background-size":"auto","background-attachment":"scroll","background-type":"","background-media":"","overlay-type":"","overlay-color":"","overlay-opacity":"","overlay-gradient":""},"tablet":{"background-color":"var(--ast-global-color-5)","background-image":"","background-repeat":"repeat","background-position":"center center","background-size":"auto","background-attachment":"scroll","background-type":"","background-media":"","overlay-type":"","overlay-color":"","overlay-opacity":"","overlay-gradient":""},"mobile":{"background-color":"var(--ast-global-color-5)","background-image":"","background-repeat":"repeat","background-position":"center center","background-size":"auto","background-attachment":"scroll","background-type":"","background-media":"","overlay-type":"","overlay-color":"","overlay-opacity":"","overlay-gradient":""}}},"product_brand":[],"product_cat":[370],"product_tag":[712],"class_list":{"0":"post-6650","1":"product","2":"type-product","3":"status-publish","4":"has-post-thumbnail","6":"product_cat-combo-per-chitarre-elettriche","7":"product_tag-blackstar","8":"desktop-align-left","9":"tablet-align-left","10":"mobile-align-left","12":"first","13":"instock","14":"taxable","15":"shipping-taxable","16":"purchasable","17":"product-type-simple"},"_links":{"self":[{"href":"https:\/\/gigionestrumentimusicali.it\/index.php\/wp-json\/wp\/v2\/product\/6650","targetHints":{"allow":["GET"]}}],"collection":[{"href":"https:\/\/gigionestrumentimusicali.it\/index.php\/wp-json\/wp\/v2\/product"}],"about":[{"href":"https:\/\/gigionestrumentimusicali.it\/index.php\/wp-json\/wp\/v2\/types\/product"}],"wp:featuredmedia":[{"embeddable":true,"href":"https:\/\/gigionestrumentimusicali.it\/index.php\/wp-json\/wp\/v2\/media\/6648"}],"wp:attachment":[{"href":"https:\/\/gigionestrumentimusicali.it\/index.php\/wp-json\/wp\/v2\/media?parent=6650"}],"wp:term":[{"taxonomy":"product_brand","embeddable":true,"href":"https:\/\/gigionestrumentimusicali.it\/index.php\/wp-json\/wp\/v2\/product_brand?post=6650"},{"taxonomy":"product_cat","embeddable":true,"href":"https:\/\/gigionestrumentimusicali.it\/index.php\/wp-json\/wp\/v2\/product_cat?post=6650"},{"taxonomy":"product_tag","embeddable":true,"href":"https:\/\/gigionestrumentimusicali.it\/index.php\/wp-json\/wp\/v2\/product_tag?post=6650"}],"curies":[{"name":"wp","href":"https:\/\/api.w.org\/{rel}","templated":true}]}}