{"id":7155,"date":"2024-10-28T09:55:53","date_gmt":"2024-10-28T09:55:53","guid":{"rendered":"https:\/\/gigionestrumentimusicali.it\/index.php\/product\/blackstar-st-james-50-6l6-212\/"},"modified":"2026-04-04T19:38:36","modified_gmt":"2026-04-04T19:38:36","slug":"blackstar-st-james-50-6l6-212","status":"publish","type":"product","link":"https:\/\/gigionestrumentimusicali.it\/index.php\/product\/blackstar-st-james-50-6l6-212\/","title":{"rendered":"BLACKSTAR ST.JAMES 50 6L6 212"},"content":{"rendered":"<p>  L&#8217;ID:Core Stereo 10 \u00e8 l&#8217;amplificatore entry level per chitarra definitivo. Suono  incredibile e grande flessibilit\u00e0 grazie ad un insieme di controlli semplici ed  intuitivi, in modalit\u00e0 SUPER WIDE STEREO per dare una esperienza di playing coinvolgente  che ti far\u00e0 stare attaccato alla tua chitarra per ore ed ore. ID:Core rappresenta  il culmine di sette anni di ricerca tecnica e sviluppo. Questi amplificatori hanno  un set di controlli intuitivo come un amplificatore tradizionale e la versatilit\u00e0  della programmazione. L&#8217;esclusivo controllo Voice ha sei diverse impostazioni &#8211;  Clean Warm, Clean Bright, Crunch, Super Crunch, OD 1, OD 2: quando viene utilizzato  insieme al controllo brevettato Blackstar ISF, \u00e8 possibile ottenere esattamente  il suono a cui si sta pensando. La sezione effetti offre modulazioni, delay e riverberi  di qualit\u00e0 da studio, memorizzabili contemporaneamente con il proprio suono. Modificare  profondamente le patch e salvarle in Preset \u00e8 davvero semplice utilizzando il software  gratuito INSIDER di Blackstar. Le patch possono poi essere condivise, caricate o  scaricate attraverso l&#8217;esclusiva comunit\u00e0 online. Il connettore USB consente inoltre  di registrare dal vostro amplificatore direttamente al computer. Un&#8217;uscita con simulazione  speaker ed un ingresso MP3\/line completano le dotazioni di serie.<\/p>\n<p>  Caratteristiche principali<\/p>\n<p>  \u00a0<\/p>\n<p>  Amplificatore Combo Stereo Programmabile<\/p>\n<p>  Potenza: 2x 5W<\/p>\n<p>  Tecnologia brevettata Super Wide Stereo<\/p>\n<p>  Sezione EQ con controllo esclusivo ISF<\/p>\n<p>  Controllo Voice per scegliere fra 6 differenti tipi di preamplificatore<\/p>\n<p>  12 Effetti Stereo: 3 x Modulation, 3 x Delay, 3 x Reverb<\/p>\n<p>  Possibilit\u00e0 di memorizzare fino a 6 Preset interni<\/p>\n<p>  Software Free INSIDER per editing approfondito ed ulteriore archiviazione<\/p>\n<p>  Connessione audio USB per registrazioni professionali direttamente sul computer<\/p>\n<p>  Stereo MP3\/Line In per suonare sulle basi o ascoltare musica<\/p>\n<p>  Speaker Emulated Line Out per esercitarsi in silenzio o registrare<\/p>\n<p>  Configurazione stereo degli speaker<\/p>\n<p>  Alimentazione tramite alimentatore (incluso)<\/p>\n<p>  Dimensioni: 340 x 265 x 185mm<\/p>\n<p>  Peso: 3,7kg<\/p>\n","protected":false},"excerpt":{"rendered":"<p>AMPLIFICATORE COMBO 2&#215;12&#8243; A VALVOLE PER CHITARRA 50W<\/p>\n<p>Quando si tratta di suono e di quell&#8217;importantissimo fattore &#8220;sensazione&#8221;, i grandi amplificatori a valvole rimangono giustamente il &#8220;gold standard&#8221;. Il problema &egrave; che quelli grandi in grado di erogare 50 Watt o pi&ugrave; sono tutti incredibilmente pesanti. La serie St. James rappresenta invece gli amplificatori per chitarra a valvole da 50 Watt pi&ugrave; leggeri al mondo.<br \/>Centinaia di ore di ascolto critico sugli amplificatori pi&ugrave; venerati significano che St. James alza di nuovo il benchmark del suono. Oltre alle ovvie differenze timbriche tra le valvole di potenza EL34 e 6L6, entrambi i modelli St. James sono ottimizzati per il loro uso particolare. La versione 6L6 ha lo stesso headroom pulito del EL34, ma questo &egrave; accoppiato con il circuito Overdrive con il gain Blackstar pi&ugrave; alto fino ad oggi.<br \/>Gli amplificatori St. James sono ricchi di funzionalit&agrave; all&#8217;avanguardia per offrire prestazioni di registrazione ai vertici della categoria. Dalle modalit&agrave; di alimentazione commutabili da 50W, 2W e SAG, a un carico reattivo integrato che instrada il segnale di uscita della valvola post-amplificazione alle tre uscite per la registrazione diretta dell&#8217;amplificatore (XLR, Stereo Line-Out e USB). Questo viene quindi passato attraverso il simulatore di speaker Cab Rig DSP all&#8217;avanguardia e completamente personalizzabile.<\/p>\n<p>Caratteristiche<br \/>Potenza: 50W<br \/>Speaker: 2x Celestion Zephyr da 12&#8243;<br \/>Valvole preamp: 2x ECC83<br \/>Valvole finale: 2x 6L6<br \/>Canali: 2<br \/>Voce\/Boost: Boost<br \/>EQ: Bassi, Medi, Alti<br \/>Riduzione della potenza: 50W, Sag, 2W<br \/>Riverbero: S&igrave;<br \/>Carico reattivo integrato: S&igrave;<br \/>Simulatore di Cabinet Rig DSP: S&igrave;<br \/>Audio USB: S&igrave;<br \/>Uscita XLR Cab Rig: S&igrave;<br \/>Loop effetti in serie: S&igrave; (con switch del livello)<br \/>Footswitch a 2 vie: Si<br \/>Tolex: Fawn<br \/>Dimensioni: 685 x 535 x 260mm<br \/>Peso: 16,8kg<\/p>\n","protected":false},"featured_media":7152,"template":"","meta":{"site-sidebar-layout":"default","site-content-layout":"","ast-site-content-layout":"default","site-content-style":"default","site-sidebar-style":"default","ast-global-header-display":"","ast-banner-title-visibility":"","ast-main-header-display":"","ast-hfb-above-header-display":"","ast-hfb-below-header-display":"","ast-hfb-mobile-header-display":"","site-post-title":"","ast-breadcrumbs-content":"","ast-featured-img":"","footer-sml-layout":"","theme-transparent-header-meta":"","adv-header-id-meta":"","stick-header-meta":"","header-above-stick-meta":"","header-main-stick-meta":"","header-below-stick-meta":"","astra-migrate-meta-layouts":"default","ast-page-background-enabled":"default","ast-page-background-meta":{"desktop":{"background-color":"var(--ast-global-color-4)","background-image":"","background-repeat":"repeat","background-position":"center center","background-size":"auto","background-attachment":"scroll","background-type":"","background-media":"","overlay-type":"","overlay-color":"","overlay-opacity":"","overlay-gradient":""},"tablet":{"background-color":"","background-image":"","background-repeat":"repeat","background-position":"center center","background-size":"auto","background-attachment":"scroll","background-type":"","background-media":"","overlay-type":"","overlay-color":"","overlay-opacity":"","overlay-gradient":""},"mobile":{"background-color":"","background-image":"","background-repeat":"repeat","background-position":"center center","background-size":"auto","background-attachment":"scroll","background-type":"","background-media":"","overlay-type":"","overlay-color":"","overlay-opacity":"","overlay-gradient":""}},"ast-content-background-meta":{"desktop":{"background-color":"var(--ast-global-color-5)","background-image":"","background-repeat":"repeat","background-position":"center center","background-size":"auto","background-attachment":"scroll","background-type":"","background-media":"","overlay-type":"","overlay-color":"","overlay-opacity":"","overlay-gradient":""},"tablet":{"background-color":"var(--ast-global-color-5)","background-image":"","background-repeat":"repeat","background-position":"center center","background-size":"auto","background-attachment":"scroll","background-type":"","background-media":"","overlay-type":"","overlay-color":"","overlay-opacity":"","overlay-gradient":""},"mobile":{"background-color":"var(--ast-global-color-5)","background-image":"","background-repeat":"repeat","background-position":"center center","background-size":"auto","background-attachment":"scroll","background-type":"","background-media":"","overlay-type":"","overlay-color":"","overlay-opacity":"","overlay-gradient":""}}},"product_brand":[],"product_cat":[370],"product_tag":[712],"class_list":{"0":"post-7155","1":"product","2":"type-product","3":"status-publish","4":"has-post-thumbnail","6":"product_cat-combo-per-chitarre-elettriche","7":"product_tag-blackstar","8":"desktop-align-left","9":"tablet-align-left","10":"mobile-align-left","12":"first","13":"instock","14":"taxable","15":"shipping-taxable","16":"purchasable","17":"product-type-simple"},"_links":{"self":[{"href":"https:\/\/gigionestrumentimusicali.it\/index.php\/wp-json\/wp\/v2\/product\/7155","targetHints":{"allow":["GET"]}}],"collection":[{"href":"https:\/\/gigionestrumentimusicali.it\/index.php\/wp-json\/wp\/v2\/product"}],"about":[{"href":"https:\/\/gigionestrumentimusicali.it\/index.php\/wp-json\/wp\/v2\/types\/product"}],"wp:featuredmedia":[{"embeddable":true,"href":"https:\/\/gigionestrumentimusicali.it\/index.php\/wp-json\/wp\/v2\/media\/7152"}],"wp:attachment":[{"href":"https:\/\/gigionestrumentimusicali.it\/index.php\/wp-json\/wp\/v2\/media?parent=7155"}],"wp:term":[{"taxonomy":"product_brand","embeddable":true,"href":"https:\/\/gigionestrumentimusicali.it\/index.php\/wp-json\/wp\/v2\/product_brand?post=7155"},{"taxonomy":"product_cat","embeddable":true,"href":"https:\/\/gigionestrumentimusicali.it\/index.php\/wp-json\/wp\/v2\/product_cat?post=7155"},{"taxonomy":"product_tag","embeddable":true,"href":"https:\/\/gigionestrumentimusicali.it\/index.php\/wp-json\/wp\/v2\/product_tag?post=7155"}],"curies":[{"name":"wp","href":"https:\/\/api.w.org\/{rel}","templated":true}]}}