{"id":7341,"date":"2024-10-28T10:08:01","date_gmt":"2024-10-28T10:08:01","guid":{"rendered":"https:\/\/gigionestrumentimusicali.it\/index.php\/product\/cort-ad880ce-w-bag-nat\/"},"modified":"2026-04-10T21:36:53","modified_gmt":"2026-04-10T21:36:53","slug":"cort-ad880ce-w-bag-nat","status":"publish","type":"product","link":"https:\/\/gigionestrumentimusicali.it\/index.php\/product\/cort-ad880ce-w-bag-nat\/","title":{"rendered":"CORT AD880CE W\/BAG NAT"},"content":{"rendered":"<p>  <span style=\"font-family: 'Trebuchet MS', Tahoma, Verdana, Arial, sans-serif;font-size: 12px;font-style: normal;font-variant: normal;font-weight: normal;letter-spacing: normal;line-height: 18.6000003814697px;text-align: left;text-indent: 0px;text-transform: none;white-space: normal;display: inline !important;float: none\">Ad  un prezzo realmente competitivo, offre un grande suono, facile suonabilit\u00e0 e superba  qualit\u00e0 costruttiva. L&#8217;AD880CE \u00e8 splendidamente rifinita in Abete, Mogano e Palissandro  con meccaniche cromate, battipenna nero, fornisce un suono ben equilibrato con volume  abbondante. Tutto sommato, una chitarra eccellente per chi inizia a studiare lo  strumento o per il chitarrista elettrico a cui manca una buona chitarra acustica.<\/span><\/p>\n<p>  \u00a0<\/p>\n<p>  <span style=\"font-family: 'Trebuchet MS', Tahoma, Verdana, Arial, sans-serif;font-size: 12px;font-style: normal;font-variant: normal;font-weight: normal;letter-spacing: normal;line-height: 18.6000003814697px;text-align: left;text-indent: 0px;text-transform: none;white-space: normal;display: inline !important;float: none\"><span style=\"color:#000080\">Caratteristiche  principali<\/span><\/span><\/p>\n<p>  \u00a0<\/p>\n<p>  <span style=\"font-family: 'Trebuchet MS', Tahoma, Verdana, Arial, sans-serif;font-size: 12px;font-style: normal;font-variant: normal;font-weight: normal;letter-spacing: normal;line-height: 18.6000003814697px;text-align: left;text-indent: 0px;text-transform: none;white-space: normal;display: inline !important;float: none\">Costruzione:  Dovetail Neck Joint<\/span><\/p>\n<p>  <span style=\"font-family: 'Trebuchet MS', Tahoma, Verdana, Arial, sans-serif;font-size: 12px;font-style: normal;font-variant: normal;font-weight: normal;letter-spacing: normal;line-height: 18.6000003814697px;text-align: left;text-indent: 0px;text-transform: none;white-space: normal;display: inline !important;float: none\">Cutaway:  Veneziano<\/span><\/p>\n<p>  <span style=\"font-family: 'Trebuchet MS', Tahoma, Verdana, Arial, sans-serif;font-size: 12px;font-style: normal;font-variant: normal;font-weight: normal;letter-spacing: normal;line-height: 18.6000003814697px;text-align: left;text-indent: 0px;text-transform: none;white-space: normal;display: inline !important;float: none\">Top:  Abete<\/span><\/p>\n<p>  <span style=\"font-family: 'Trebuchet MS', Tahoma, Verdana, Arial, sans-serif;font-size: 12px;font-style: normal;font-variant: normal;font-weight: normal;letter-spacing: normal;line-height: 18.6000003814697px;text-align: left;text-indent: 0px;text-transform: none;white-space: normal;display: inline !important;float: none\">Fondo  e Fasce: Mogano<\/span><\/p>\n<p>  <span style=\"font-family: 'Trebuchet MS', Tahoma, Verdana, Arial, sans-serif;font-size: 12px;font-style: normal;font-variant: normal;font-weight: normal;letter-spacing: normal;line-height: 18.6000003814697px;text-align: left;text-indent: 0px;text-transform: none;white-space: normal;display: inline !important;float: none\">Manico:  Mogano<\/span><\/p>\n<p>  <span style=\"font-family: 'Trebuchet MS', Tahoma, Verdana, Arial, sans-serif;font-size: 12px;font-style: normal;font-variant: normal;font-weight: normal;letter-spacing: normal;line-height: 18.6000003814697px;text-align: left;text-indent: 0px;text-transform: none;white-space: normal;display: inline !important;float: none\">Tastiera:  Palissandro<\/span><\/p>\n<p>  <span style=\"font-family: 'Trebuchet MS', Tahoma, Verdana, Arial, sans-serif;font-size: 12px;font-style: normal;font-variant: normal;font-weight: normal;letter-spacing: normal;line-height: 18.6000003814697px;text-align: left;text-indent: 0px;text-transform: none;white-space: normal;display: inline !important;float: none\">Scala  25.6&#8243; (650mm)<\/span><\/p>\n<p>  <span style=\"font-family: 'Trebuchet MS', Tahoma, Verdana, Arial, sans-serif;font-size: 12px;font-style: normal;font-variant: normal;font-weight: normal;letter-spacing: normal;line-height: 18.6000003814697px;text-align: left;text-indent: 0px;text-transform: none;white-space: normal;display: inline !important;float: none\">Ponte:  Palissandro<\/span><\/p>\n<p>  <span style=\"font-family: 'Trebuchet MS', Tahoma, Verdana, Arial, sans-serif;font-size: 12px;font-style: normal;font-variant: normal;font-weight: normal;letter-spacing: normal;line-height: 18.6000003814697px;text-align: left;text-indent: 0px;text-transform: none;white-space: normal;display: inline !important;float: none\">Elettronica:  Cort CE304T &#8211; P\/U Ceramico<\/span><\/p>\n<p>  <span style=\"font-family: 'Trebuchet MS', Tahoma, Verdana, Arial, sans-serif;font-size: 12px;font-style: normal;font-variant: normal;font-weight: normal;letter-spacing: normal;line-height: 18.6000003814697px;text-align: left;text-indent: 0px;text-transform: none;white-space: normal;display: inline !important;float: none\">Meccaniche:  Cromate con manopola nera<\/span><\/p>\n<p>  <span style=\"font-family: 'Trebuchet MS', Tahoma, Verdana, Arial, sans-serif;font-size: 12px;font-style: normal;font-variant: normal;font-weight: normal;letter-spacing: normal;line-height: 18.6000003814697px;text-align: left;text-indent: 0px;text-transform: none;white-space: normal;display: inline !important;float: none\">Finitura:  Naturale<\/span><\/p>\n<p>  <span style=\"font-family: 'Trebuchet MS', Tahoma, Verdana, Arial, sans-serif;font-size: 12px;font-style: normal;font-variant: normal;font-weight: normal;letter-spacing: normal;line-height: 18.6000003814697px;text-align: left;text-indent: 0px;text-transform: none;white-space: normal;display: inline !important;float: none\"><b>Borsa  morbida inclusa<\/b><\/span><\/p>\n<p>  <span style=\"font-family: 'Trebuchet MS', Tahoma, Verdana, Arial, sans-serif;font-size: 12px;font-style: normal;font-variant: normal;font-weight: normal;letter-spacing: normal;line-height: 18.6000003814697px;text-align: left;text-indent: 0px;text-transform: none;white-space: normal;display: inline !important;float: none\">I<\/span><\/p>\n<p>  <span style=\"font-family: 'Trebuchet MS', Tahoma, Verdana, Arial, sans-serif;font-size: 12px;font-style: normal;font-variant: normal;font-weight: normal;letter-spacing: normal;line-height: 18.6000003814697px;text-align: left;text-indent: 0px;text-transform: none;white-space: normal;display: inline !important;float: none\"><\/span><\/p>\n","protected":false},"excerpt":{"rendered":"<p>Ad un prezzo realmente competitivo, offre un grande suono, facile suonabilit&agrave; e superba qualit&agrave; costruttiva. L&#8217;AD880CE &egrave; splendidamente rifinita in Abete, Mogano e Palissandro con meccaniche cromate, battipenna nero, fornisce un suono ben equilibrato con volume abbondante. Tutto sommato, una chitarra eccellente per chi inizia a studiare lo strumento o per il chitarrista elettrico a cui manca una buona chitarra acustica.<br \/>Caratteristiche principali<\/p>\n<p>Costruzione: Dovetail Neck Joint<br \/>Cutaway: Veneziano<br \/>Top: Abete<br \/>Fondo e Fasce: Mogano<br \/>Manico: Mogano<br \/>Tastiera: Palissandro<br \/>Scala 25.6&#8243; (650mm)<br \/>Ponte: Palissandro<br \/>Elettronica: Cort CE304T &#8211; P\/U Ceramico<br \/>Meccaniche: Cromate con manopola nera<br \/>Finitura: Naturale<br \/>Borsa morbida inclusa<\/p>\n","protected":false},"featured_media":7340,"template":"","meta":{"site-sidebar-layout":"default","site-content-layout":"","ast-site-content-layout":"default","site-content-style":"default","site-sidebar-style":"default","ast-global-header-display":"","ast-banner-title-visibility":"","ast-main-header-display":"","ast-hfb-above-header-display":"","ast-hfb-below-header-display":"","ast-hfb-mobile-header-display":"","site-post-title":"","ast-breadcrumbs-content":"","ast-featured-img":"","footer-sml-layout":"","theme-transparent-header-meta":"","adv-header-id-meta":"","stick-header-meta":"","header-above-stick-meta":"","header-main-stick-meta":"","header-below-stick-meta":"","astra-migrate-meta-layouts":"default","ast-page-background-enabled":"default","ast-page-background-meta":{"desktop":{"background-color":"var(--ast-global-color-4)","background-image":"","background-repeat":"repeat","background-position":"center center","background-size":"auto","background-attachment":"scroll","background-type":"","background-media":"","overlay-type":"","overlay-color":"","overlay-opacity":"","overlay-gradient":""},"tablet":{"background-color":"","background-image":"","background-repeat":"repeat","background-position":"center center","background-size":"auto","background-attachment":"scroll","background-type":"","background-media":"","overlay-type":"","overlay-color":"","overlay-opacity":"","overlay-gradient":""},"mobile":{"background-color":"","background-image":"","background-repeat":"repeat","background-position":"center center","background-size":"auto","background-attachment":"scroll","background-type":"","background-media":"","overlay-type":"","overlay-color":"","overlay-opacity":"","overlay-gradient":""}},"ast-content-background-meta":{"desktop":{"background-color":"var(--ast-global-color-5)","background-image":"","background-repeat":"repeat","background-position":"center center","background-size":"auto","background-attachment":"scroll","background-type":"","background-media":"","overlay-type":"","overlay-color":"","overlay-opacity":"","overlay-gradient":""},"tablet":{"background-color":"var(--ast-global-color-5)","background-image":"","background-repeat":"repeat","background-position":"center center","background-size":"auto","background-attachment":"scroll","background-type":"","background-media":"","overlay-type":"","overlay-color":"","overlay-opacity":"","overlay-gradient":""},"mobile":{"background-color":"var(--ast-global-color-5)","background-image":"","background-repeat":"repeat","background-position":"center center","background-size":"auto","background-attachment":"scroll","background-type":"","background-media":"","overlay-type":"","overlay-color":"","overlay-opacity":"","overlay-gradient":""}}},"product_brand":[],"product_cat":[381],"product_tag":[],"class_list":{"0":"post-7341","1":"product","2":"type-product","3":"status-publish","4":"has-post-thumbnail","6":"product_cat-chitarre-acustiche-elettrificate","7":"desktop-align-left","8":"tablet-align-left","9":"mobile-align-left","11":"first","12":"instock","13":"taxable","14":"shipping-taxable","15":"purchasable","16":"product-type-simple"},"_links":{"self":[{"href":"https:\/\/gigionestrumentimusicali.it\/index.php\/wp-json\/wp\/v2\/product\/7341","targetHints":{"allow":["GET"]}}],"collection":[{"href":"https:\/\/gigionestrumentimusicali.it\/index.php\/wp-json\/wp\/v2\/product"}],"about":[{"href":"https:\/\/gigionestrumentimusicali.it\/index.php\/wp-json\/wp\/v2\/types\/product"}],"wp:featuredmedia":[{"embeddable":true,"href":"https:\/\/gigionestrumentimusicali.it\/index.php\/wp-json\/wp\/v2\/media\/7340"}],"wp:attachment":[{"href":"https:\/\/gigionestrumentimusicali.it\/index.php\/wp-json\/wp\/v2\/media?parent=7341"}],"wp:term":[{"taxonomy":"product_brand","embeddable":true,"href":"https:\/\/gigionestrumentimusicali.it\/index.php\/wp-json\/wp\/v2\/product_brand?post=7341"},{"taxonomy":"product_cat","embeddable":true,"href":"https:\/\/gigionestrumentimusicali.it\/index.php\/wp-json\/wp\/v2\/product_cat?post=7341"},{"taxonomy":"product_tag","embeddable":true,"href":"https:\/\/gigionestrumentimusicali.it\/index.php\/wp-json\/wp\/v2\/product_tag?post=7341"}],"curies":[{"name":"wp","href":"https:\/\/api.w.org\/{rel}","templated":true}]}}