{"id":8691,"date":"2024-10-28T10:35:10","date_gmt":"2024-10-28T10:35:10","guid":{"rendered":"https:\/\/gigionestrumentimusicali.it\/index.php\/product\/daddario-muta-per-chitarra-elettrica-jazz-medium-gauge-ej22-013-056\/"},"modified":"2026-04-14T19:44:09","modified_gmt":"2026-04-14T19:44:09","slug":"daddario-muta-per-chitarra-elettrica-jazz-medium-gauge-ej22-013-056","status":"publish","type":"product","link":"https:\/\/gigionestrumentimusicali.it\/index.php\/product\/daddario-muta-per-chitarra-elettrica-jazz-medium-gauge-ej22-013-056\/","title":{"rendered":"D&#8217;ADDARIO MUTA PER CHITARRA ELETTRICA JAZZ MEDIUM GAUGE EJ22 013-056"},"content":{"rendered":"<p>MUTA DI CORDE PER CHITARRA ELETTRICA NICKEL WOUND &#8211; 013\/056XL Nickel Wound, le corde per chitarra elettrica D&#8217;Addario pi\u00f9 popolari, hanno un avvolgimento di precisione in acciaio nichelato su nucleo esagonale in acciaio ad alta densit\u00e0 e ad alto tenore di carbonio. Il risultato sono corde con lunga durata, con un suono brillante caratteristico ed una eccellente intonazione, ideali per la pi\u00f9 ampia variet\u00e0 di chitarre e di stili musicali.CaratteristicheTipo: Jazz MediumAvvogimento: Acciaio nichelato ad alta densit\u00e0Nucleo: Esagonale in acciao ad alto tenore di carbonioScalatura: 013, 017, 026, 036w, 046w, 056w<\/p>\n","protected":false},"excerpt":{"rendered":"<p>MUTA DI CORDE PER CHITARRA ELETTRICA NICKEL WOUND &#8211; 013\/056XL Nickel Wound, le corde per chitarra elettrica D&#8217;Addario pi\u00f9 popolari, hanno un avvolgimento di precisione in acciaio nichelato su nucleo esagonale in acciaio ad alta densit\u00e0 e ad alto tenore di carbonio. Il risultato sono corde con lunga durata, con un suono brillante caratteristico ed [&hellip;]<\/p>\n","protected":false},"featured_media":8688,"template":"","meta":{"site-sidebar-layout":"default","site-content-layout":"","ast-site-content-layout":"default","site-content-style":"default","site-sidebar-style":"default","ast-global-header-display":"","ast-banner-title-visibility":"","ast-main-header-display":"","ast-hfb-above-header-display":"","ast-hfb-below-header-display":"","ast-hfb-mobile-header-display":"","site-post-title":"","ast-breadcrumbs-content":"","ast-featured-img":"","footer-sml-layout":"","theme-transparent-header-meta":"","adv-header-id-meta":"","stick-header-meta":"","header-above-stick-meta":"","header-main-stick-meta":"","header-below-stick-meta":"","astra-migrate-meta-layouts":"default","ast-page-background-enabled":"default","ast-page-background-meta":{"desktop":{"background-color":"var(--ast-global-color-4)","background-image":"","background-repeat":"repeat","background-position":"center center","background-size":"auto","background-attachment":"scroll","background-type":"","background-media":"","overlay-type":"","overlay-color":"","overlay-opacity":"","overlay-gradient":""},"tablet":{"background-color":"","background-image":"","background-repeat":"repeat","background-position":"center center","background-size":"auto","background-attachment":"scroll","background-type":"","background-media":"","overlay-type":"","overlay-color":"","overlay-opacity":"","overlay-gradient":""},"mobile":{"background-color":"","background-image":"","background-repeat":"repeat","background-position":"center center","background-size":"auto","background-attachment":"scroll","background-type":"","background-media":"","overlay-type":"","overlay-color":"","overlay-opacity":"","overlay-gradient":""}},"ast-content-background-meta":{"desktop":{"background-color":"var(--ast-global-color-5)","background-image":"","background-repeat":"repeat","background-position":"center center","background-size":"auto","background-attachment":"scroll","background-type":"","background-media":"","overlay-type":"","overlay-color":"","overlay-opacity":"","overlay-gradient":""},"tablet":{"background-color":"var(--ast-global-color-5)","background-image":"","background-repeat":"repeat","background-position":"center center","background-size":"auto","background-attachment":"scroll","background-type":"","background-media":"","overlay-type":"","overlay-color":"","overlay-opacity":"","overlay-gradient":""},"mobile":{"background-color":"var(--ast-global-color-5)","background-image":"","background-repeat":"repeat","background-position":"center center","background-size":"auto","background-attachment":"scroll","background-type":"","background-media":"","overlay-type":"","overlay-color":"","overlay-opacity":"","overlay-gradient":""}}},"product_brand":[],"product_cat":[402],"product_tag":[720],"class_list":{"0":"post-8691","1":"product","2":"type-product","3":"status-publish","4":"has-post-thumbnail","6":"product_cat-corde-per-chitarra-elettrica","7":"product_tag-daddario","8":"desktop-align-left","9":"tablet-align-left","10":"mobile-align-left","12":"first","13":"instock","14":"taxable","15":"shipping-taxable","16":"purchasable","17":"product-type-simple"},"_links":{"self":[{"href":"https:\/\/gigionestrumentimusicali.it\/index.php\/wp-json\/wp\/v2\/product\/8691","targetHints":{"allow":["GET"]}}],"collection":[{"href":"https:\/\/gigionestrumentimusicali.it\/index.php\/wp-json\/wp\/v2\/product"}],"about":[{"href":"https:\/\/gigionestrumentimusicali.it\/index.php\/wp-json\/wp\/v2\/types\/product"}],"wp:featuredmedia":[{"embeddable":true,"href":"https:\/\/gigionestrumentimusicali.it\/index.php\/wp-json\/wp\/v2\/media\/8688"}],"wp:attachment":[{"href":"https:\/\/gigionestrumentimusicali.it\/index.php\/wp-json\/wp\/v2\/media?parent=8691"}],"wp:term":[{"taxonomy":"product_brand","embeddable":true,"href":"https:\/\/gigionestrumentimusicali.it\/index.php\/wp-json\/wp\/v2\/product_brand?post=8691"},{"taxonomy":"product_cat","embeddable":true,"href":"https:\/\/gigionestrumentimusicali.it\/index.php\/wp-json\/wp\/v2\/product_cat?post=8691"},{"taxonomy":"product_tag","embeddable":true,"href":"https:\/\/gigionestrumentimusicali.it\/index.php\/wp-json\/wp\/v2\/product_tag?post=8691"}],"curies":[{"name":"wp","href":"https:\/\/api.w.org\/{rel}","templated":true}]}}