{"id":8911,"date":"2024-10-28T10:44:03","date_gmt":"2024-10-28T10:44:03","guid":{"rendered":"https:\/\/gigionestrumentimusicali.it\/index.php\/product\/yamaha-psr-f51-61-tasti\/"},"modified":"2026-04-29T21:50:56","modified_gmt":"2026-04-29T21:50:56","slug":"yamaha-psr-f51-61-tasti","status":"publish","type":"product","link":"https:\/\/gigionestrumentimusicali.it\/index.php\/product\/yamaha-psr-f51-61-tasti\/","title":{"rendered":"YAMAHA PSR F51 61 TASTI"},"content":{"rendered":"<p>  <span style=\"font-family: Arial, Helvetica, sans-serif;font-size: 13px;font-style: normal;font-variant: normal;font-weight: 300;letter-spacing: normal;line-height: 16.6399993896484px;text-align: start;text-indent: 0px;text-transform: none;white-space: normal;display: inline !important;float: none\">Il  nostro principale obiettivo nel progettare la PSR-F50 era una funzionalit\u00e0 di base  semplice e di facile utilizzo. Il risultato \u00e8 una tastiera che chiunque trover\u00e0  facile da suonare. Utilizzando l&#8217;intuitivo pannello, \u00e8 sufficiente selezionare una  voce ed un ritmo per iniziare suonare divertendosi. Nonostante le dimensioni compatte  e leggere, la tastiera della PSR-F50 ha tasti dalle dimensioni regolari, con 120  voci e 114 ritmi da tutto il mondo. In pi\u00f9, questo strumento \u00e8 ideale per una vasta  gamma di utilizzi musicali \u2014 non solo per principianti e studenti: si pu\u00f2,  infatti, alimentare anche con delle comuni batterie per spettacoli musicali all&#8217;aperto.<\/span><\/p>\n","protected":false},"excerpt":{"rendered":"<p>L&#8217;obiettivo principale di Yamaha nella progettazione della PSR-F51 erano funzionalit&agrave; base che fossero semplici e user-friendly.<\/p>\n<p>CARATTERISTICHE PRINCIPALI:<br \/>Tastiera portatile 61 tasti<br \/>Semplice ed intuitiva da usare<br \/>120 voci e 114 stili da tutto il mondo<br \/>Generazione sonora: AWM Stereo Sampling<br \/>Polifonia: 32 voci<br \/>Effetti: Riverbero, Chorus<br \/>Amplificatore: Stereo 2x 2,5W<br \/>Metronomo e modalit&agrave; Duo per suonare assieme ad un altra persona<br \/>Uscita cuffie<br \/>Alimentazione: Alimentatore PA-3C o PA-130 (non incluso), 6x Batterie 1,5V AA<br \/>Dotata di un comodo leggio per spartiti<br \/>Dimensioni: 940 x H109 x 306mm<br \/>Peso: 3,4kg<\/p>\n","protected":false},"featured_media":8907,"template":"","meta":{"site-sidebar-layout":"default","site-content-layout":"","ast-site-content-layout":"default","site-content-style":"default","site-sidebar-style":"default","ast-global-header-display":"","ast-banner-title-visibility":"","ast-main-header-display":"","ast-hfb-above-header-display":"","ast-hfb-below-header-display":"","ast-hfb-mobile-header-display":"","site-post-title":"","ast-breadcrumbs-content":"","ast-featured-img":"","footer-sml-layout":"","theme-transparent-header-meta":"","adv-header-id-meta":"","stick-header-meta":"","header-above-stick-meta":"","header-main-stick-meta":"","header-below-stick-meta":"","astra-migrate-meta-layouts":"default","ast-page-background-enabled":"default","ast-page-background-meta":{"desktop":{"background-color":"var(--ast-global-color-4)","background-image":"","background-repeat":"repeat","background-position":"center center","background-size":"auto","background-attachment":"scroll","background-type":"","background-media":"","overlay-type":"","overlay-color":"","overlay-opacity":"","overlay-gradient":""},"tablet":{"background-color":"","background-image":"","background-repeat":"repeat","background-position":"center center","background-size":"auto","background-attachment":"scroll","background-type":"","background-media":"","overlay-type":"","overlay-color":"","overlay-opacity":"","overlay-gradient":""},"mobile":{"background-color":"","background-image":"","background-repeat":"repeat","background-position":"center center","background-size":"auto","background-attachment":"scroll","background-type":"","background-media":"","overlay-type":"","overlay-color":"","overlay-opacity":"","overlay-gradient":""}},"ast-content-background-meta":{"desktop":{"background-color":"var(--ast-global-color-5)","background-image":"","background-repeat":"repeat","background-position":"center center","background-size":"auto","background-attachment":"scroll","background-type":"","background-media":"","overlay-type":"","overlay-color":"","overlay-opacity":"","overlay-gradient":""},"tablet":{"background-color":"var(--ast-global-color-5)","background-image":"","background-repeat":"repeat","background-position":"center center","background-size":"auto","background-attachment":"scroll","background-type":"","background-media":"","overlay-type":"","overlay-color":"","overlay-opacity":"","overlay-gradient":""},"mobile":{"background-color":"var(--ast-global-color-5)","background-image":"","background-repeat":"repeat","background-position":"center center","background-size":"auto","background-attachment":"scroll","background-type":"","background-media":"","overlay-type":"","overlay-color":"","overlay-opacity":"","overlay-gradient":""}}},"product_brand":[],"product_cat":[665],"product_tag":[776],"class_list":{"0":"post-8911","1":"product","2":"type-product","3":"status-publish","4":"has-post-thumbnail","6":"product_cat-accessori-per-tastiera","7":"product_tag-yamaha","8":"desktop-align-left","9":"tablet-align-left","10":"mobile-align-left","12":"first","13":"outofstock","14":"taxable","15":"shipping-taxable","16":"purchasable","17":"product-type-simple"},"_links":{"self":[{"href":"https:\/\/gigionestrumentimusicali.it\/index.php\/wp-json\/wp\/v2\/product\/8911","targetHints":{"allow":["GET"]}}],"collection":[{"href":"https:\/\/gigionestrumentimusicali.it\/index.php\/wp-json\/wp\/v2\/product"}],"about":[{"href":"https:\/\/gigionestrumentimusicali.it\/index.php\/wp-json\/wp\/v2\/types\/product"}],"wp:featuredmedia":[{"embeddable":true,"href":"https:\/\/gigionestrumentimusicali.it\/index.php\/wp-json\/wp\/v2\/media\/8907"}],"wp:attachment":[{"href":"https:\/\/gigionestrumentimusicali.it\/index.php\/wp-json\/wp\/v2\/media?parent=8911"}],"wp:term":[{"taxonomy":"product_brand","embeddable":true,"href":"https:\/\/gigionestrumentimusicali.it\/index.php\/wp-json\/wp\/v2\/product_brand?post=8911"},{"taxonomy":"product_cat","embeddable":true,"href":"https:\/\/gigionestrumentimusicali.it\/index.php\/wp-json\/wp\/v2\/product_cat?post=8911"},{"taxonomy":"product_tag","embeddable":true,"href":"https:\/\/gigionestrumentimusicali.it\/index.php\/wp-json\/wp\/v2\/product_tag?post=8911"}],"curies":[{"name":"wp","href":"https:\/\/api.w.org\/{rel}","templated":true}]}}