{"id":8995,"date":"2024-10-28T10:46:09","date_gmt":"2024-10-28T10:46:09","guid":{"rendered":"https:\/\/gigionestrumentimusicali.it\/index.php\/product\/ketron-audya-5\/"},"modified":"2026-04-08T18:08:09","modified_gmt":"2026-04-08T18:08:09","slug":"ketron-audya-5","status":"publish","type":"product","link":"https:\/\/gigionestrumentimusicali.it\/index.php\/product\/ketron-audya-5\/","title":{"rendered":"KETRON AUDYA 5"},"content":{"rendered":"<p>  La nuova tastiera yamaha rappresenta la risposta ad un&#8217;utenza che sebbene agli inizi  non vuole rinunciare alla qualit\u00e0 del suono.61 tasti e risposta al tocco caratterizzata  da funzioni professionali semplici da usare quali AUX IN, DJ pattern mode e knob  Live Control .assegnabili che sbloccano un mondo di opzioni per l&#8217;espressivit\u00e0 musicale.PSR-E443  \u00e8 una tastiera ideale per iniziare ma rappresenta anche una solida alternativa per  i musicisti pi\u00f9 esperti che cercano funzioni avanzate quando suonano o compongono  la propria musica.Grazie alla vasta gamma di funzioni, incluso un jack AUX IN, essa  rappresenta un grande valore che cresce insieme all&#8217;esecutore man mano che si prende  confidenza e che le capacit\u00e0 migliorano.CARATTERISTICHE:Funzione PATTERN per creare  i tuoi grooveKnob Real-time Control e real-time pitch control755 voci High Quality  che comprendono le voci Super-Realistic Sweet! e Cool!Funzione ArpeggioAUX INConnessione  con iPhone\/iPod touch\/iPadYamaha Education Suite (Y.E.S.)World Wide Sounds Support  Your Music Music Database Connessione USB to DeviceAlimentatore incluso<\/p>\n","protected":false},"excerpt":{"rendered":"<p>TASTIERA ARRANGER 61 TASTI SEMIPESATI<\/p>\n<p>Audya &egrave; la tastiera arranger pi&ugrave; avanzata al mondo. Utilizza una moderna tecnologia di streaming, il che significa avere a disposizione Real Audio Loop per gli stili, non solo i pezzi di batteria e percussioni dal vivo, ma anche parti di chitarra. Queste sono registrazioni professionali in studio utilizzando musicisti specializzati completamente al tuo controllo, molti stili hanno 8 bar di audio dal vivo per parte arranger (32 bar pi&ugrave; riempimenti, break intro, etc). Questo non &egrave; un trucco e non c&#8217;&egrave; semplicemente alcun confronto tra il suono live dell&#8217;Audya e i suoi competitor che usano ancora stili MIDI vecchia scuola. Aggiungi questo ai migliori strumenti musicali naturali di Ketrons e il risultato &egrave; sorprendente! Il tuo pubblico noter&agrave; immediatamente il suono incredibilmente reale e la presenza di Audya. AUDYA 5 &egrave; l&#8217;ultimo nella linea di dirompenti tastiere arranger e rappresenta un cambiamento completo nella tecnologia su apparecchiature midi standard; La capacit&agrave; di suonare con il musicista reale. Ha un potente multiplayer audio, un motore sonoro di altissima qualit&agrave; e molte caratteristiche di accompagnamento automatico uniche. Il generoso set di interfacce comprende un supporto video versatile, connessioni audio configurabili e tre porte USB per connettersi a un computer o ad altri dispositivi multimediali. Audya 5 &egrave; quasi identico alla versione Professional 76 ma in un formato pi&ugrave; piccolo. Ha ulteriori tasti User Assignable e manca l&#8217;SPDIF (connessioni audio digitali posteriori).<br \/>Caratteristiche<br \/>61 Tasti semi-pesati sensibili a velocity e aftertouch<br \/>Polifonia 197 note<br \/>384 Suoni preimpostati<br \/>512 Suoni GM2<br \/>300 stili con quattro versioni ciascuna<br \/>Disco rigido interno da 80GB<br \/>Display a colori TFT<br \/>320 Banchi di memoria di registrazione<br \/>Organo con drawbar digitale con 9 Drawbar<br \/>Lettore audio interno per Wave e MP3<br \/>SMF Player per file MIDI e file karaoke<br \/>Multitimbricit&agrave; 32-parti<br \/>Visualizzazione di testi<br \/>Registratore audio a 2 tracce<br \/>Memoria interna di 192MB per i suoni<br \/>Transposer<br \/>Modalit&agrave; fisarmonica<br \/>Effetti DSP<br \/>Vocalizzatore interno a 5 voci<br \/>2 Ingressi microfono con Gain separato<br \/>EQ a 10 bande<br \/>Echo e Hall<br \/>2x Connettore USB-to-host<br \/>Connettore USB-to-device<br \/>MIDI In1, In2, Out, Thru<br \/>Line Out L\/R<br \/>4 Uscite assegnabili separate<br \/>Connettore cuffie<br \/>2 Ingressi microfono XLR<br \/>2 Ingressi di linea<br \/>Connettore per interruttore a pedale FS6 o FS13<br \/>Connettore del pedale Sustain<br \/>Connettore del pedale Volume<br \/>Interfaccia Video con connettore VGA<br \/>Dimensioni: 990 x 430 x H150mm<br \/>Peso: 17kg<\/p>\n","protected":false},"featured_media":8989,"template":"","meta":{"site-sidebar-layout":"default","site-content-layout":"","ast-site-content-layout":"default","site-content-style":"default","site-sidebar-style":"default","ast-global-header-display":"","ast-banner-title-visibility":"","ast-main-header-display":"","ast-hfb-above-header-display":"","ast-hfb-below-header-display":"","ast-hfb-mobile-header-display":"","site-post-title":"","ast-breadcrumbs-content":"","ast-featured-img":"","footer-sml-layout":"","theme-transparent-header-meta":"","adv-header-id-meta":"","stick-header-meta":"","header-above-stick-meta":"","header-main-stick-meta":"","header-below-stick-meta":"","astra-migrate-meta-layouts":"default","ast-page-background-enabled":"default","ast-page-background-meta":{"desktop":{"background-color":"var(--ast-global-color-4)","background-image":"","background-repeat":"repeat","background-position":"center center","background-size":"auto","background-attachment":"scroll","background-type":"","background-media":"","overlay-type":"","overlay-color":"","overlay-opacity":"","overlay-gradient":""},"tablet":{"background-color":"","background-image":"","background-repeat":"repeat","background-position":"center center","background-size":"auto","background-attachment":"scroll","background-type":"","background-media":"","overlay-type":"","overlay-color":"","overlay-opacity":"","overlay-gradient":""},"mobile":{"background-color":"","background-image":"","background-repeat":"repeat","background-position":"center center","background-size":"auto","background-attachment":"scroll","background-type":"","background-media":"","overlay-type":"","overlay-color":"","overlay-opacity":"","overlay-gradient":""}},"ast-content-background-meta":{"desktop":{"background-color":"var(--ast-global-color-5)","background-image":"","background-repeat":"repeat","background-position":"center center","background-size":"auto","background-attachment":"scroll","background-type":"","background-media":"","overlay-type":"","overlay-color":"","overlay-opacity":"","overlay-gradient":""},"tablet":{"background-color":"var(--ast-global-color-5)","background-image":"","background-repeat":"repeat","background-position":"center center","background-size":"auto","background-attachment":"scroll","background-type":"","background-media":"","overlay-type":"","overlay-color":"","overlay-opacity":"","overlay-gradient":""},"mobile":{"background-color":"var(--ast-global-color-5)","background-image":"","background-repeat":"repeat","background-position":"center center","background-size":"auto","background-attachment":"scroll","background-type":"","background-media":"","overlay-type":"","overlay-color":"","overlay-opacity":"","overlay-gradient":""}}},"product_brand":[],"product_cat":[665],"product_tag":[710,776],"class_list":{"0":"post-8995","1":"product","2":"type-product","3":"status-publish","4":"has-post-thumbnail","6":"product_cat-accessori-per-tastiera","7":"product_tag-bbe","8":"product_tag-yamaha","9":"desktop-align-left","10":"tablet-align-left","11":"mobile-align-left","13":"first","14":"outofstock","15":"taxable","16":"shipping-taxable","17":"purchasable","18":"product-type-simple"},"_links":{"self":[{"href":"https:\/\/gigionestrumentimusicali.it\/index.php\/wp-json\/wp\/v2\/product\/8995","targetHints":{"allow":["GET"]}}],"collection":[{"href":"https:\/\/gigionestrumentimusicali.it\/index.php\/wp-json\/wp\/v2\/product"}],"about":[{"href":"https:\/\/gigionestrumentimusicali.it\/index.php\/wp-json\/wp\/v2\/types\/product"}],"wp:featuredmedia":[{"embeddable":true,"href":"https:\/\/gigionestrumentimusicali.it\/index.php\/wp-json\/wp\/v2\/media\/8989"}],"wp:attachment":[{"href":"https:\/\/gigionestrumentimusicali.it\/index.php\/wp-json\/wp\/v2\/media?parent=8995"}],"wp:term":[{"taxonomy":"product_brand","embeddable":true,"href":"https:\/\/gigionestrumentimusicali.it\/index.php\/wp-json\/wp\/v2\/product_brand?post=8995"},{"taxonomy":"product_cat","embeddable":true,"href":"https:\/\/gigionestrumentimusicali.it\/index.php\/wp-json\/wp\/v2\/product_cat?post=8995"},{"taxonomy":"product_tag","embeddable":true,"href":"https:\/\/gigionestrumentimusicali.it\/index.php\/wp-json\/wp\/v2\/product_tag?post=8995"}],"curies":[{"name":"wp","href":"https:\/\/api.w.org\/{rel}","templated":true}]}}