{"id":9052,"date":"2024-10-28T10:47:22","date_gmt":"2024-10-28T10:47:22","guid":{"rendered":"https:\/\/gigionestrumentimusicali.it\/index.php\/product\/yamaha-psr-e360-dark-walnut\/"},"modified":"2026-04-03T19:03:57","modified_gmt":"2026-04-03T19:03:57","slug":"yamaha-psr-e360-dark-walnut","status":"publish","type":"product","link":"https:\/\/gigionestrumentimusicali.it\/index.php\/product\/yamaha-psr-e360-dark-walnut\/","title":{"rendered":"YAMAHA PSR E360 DARK WALNUT"},"content":{"rendered":"<p>  TASTIERA PORTATILE 61 TASTI<\/p>\n<p>  \u00a0<\/p>\n<p>  Fare musica con la tastiera digitali PSR-E353 si tramuta in un&#8217;esperienza divertente  e piacevole. Voci strumentali autentiche ed una grande variet\u00e0 di stili di accompagnamento  da tutto il mondo sono combinati con funzioni educational per un percorso di apprendimento  adatto a studenti di musica di tutte le et\u00e0. La funzione Yamaha Education Suite  (Y.E.S) comprende pi\u00f9 di 100 brani incorporati. Gli studenti passano attraverso  vari stadi di apprendimento con l&#8217;ausilio di utili informazioni visualizzate sul  display e funzioni interattive quali l&#8217;attesa per le note giuste da suonare. La  tastiera valuter\u00e0 le esecuzioni per incoraggiare l&#8217;utente a sviluppare maggiormente  le proprie capacit\u00e0. La nuova modalit\u00e0 Duo divide la tastiera in due parti identiche,  ciascuna con un Do centrale, ottimo per insegnante\/allievo nelle sessioni di studio.  La registrazione incorporata \u00e8 disponibile con un registratore a 2 tracce e 5 brani  sulla PSR-E353. Dispone di un ingresso per la riproduzione musicale attraverso il  sistema audio della tastiera ed \u00e8 presente la funzione Melody Suppressor che riduce  virtualmente il livello della voce solista, creando dalla vostra canzone preferita  una base di accompagnamento. La PSR-E353 include anche la porta USB per una facile  connessione al computer o ai dispositivi iOS, dove una variet\u00e0 di App Yamaha garantiscono  esaltanti possibilit\u00e0 di apprendimento, registrazione e controllo sul suono.<\/p>\n<p>  Caratteristiche principali<\/p>\n<p>  \u00a0<\/p>\n<p>  61 tasti con risposta al tocco<\/p>\n<p>  Polifonia a 32 voci<\/p>\n<p>  Totale di 482 voci strumento di alta qualit\u00e0 (108 voci panel, 361 voci XGlite, 12  kit di batteria e Kit effetti sonori ) + 106 stili di accompagnamento<\/p>\n<p>  Funzione Easy Recording a 2 tracce consente di memorizzare sino a 5 canzoni<\/p>\n<p>  Yamaha Education Suite (YES) \u00e8 un set avanzato di utili strumenti di apprendimento  consente di apprendere autonomamente come suonare ed eseguire<\/p>\n<p>  Portable Grand Button: Un tasto dedicato per richiamare un grande suono di pianoforte,  sorprendentemente ricco e reale e con un&#8217;ottima risposta al tocco<\/p>\n","protected":false},"excerpt":{"rendered":"<p>YAMAHA PSR-E360 DARK WALNUT TASTIERA ARRANGER<br \/>Tastiera entry-level con 61 tasti. Tastiera con meccanica sensibile al tocco, funzioni sofisticate e design studiato per migliorare il tuo spazio.<\/p>\n<p>400 voci di alta qualit&agrave;, 130 stili di accompagnamento automatico<br \/>112 canzoni, facile Song Book (disponibile tramite download web)<br \/>Funzione di lezione a nove passaggi (Yamaha Education Suite)<br \/>Funzione di registrazione<br \/>Jack AUX IN per il collegamento di una fonte audio esterna<br \/>Master EQ \/ Ultra Wide Stereo<br \/>Modalit&agrave; Duo<br \/>Design compatto e portatile<br \/>Funzionamento a batteria (AAx6)<br \/>La PSR-E360 si fonde magnificamente nel tuo spazio vitale e diventer&agrave; parte della tua famiglia. Trova il colore perfetto adatto al tuo stile di vita e preparati a divertirti! La finitura in legno di noce sul pannello frontale dona serenit&agrave; e delicatezza a questa tastiera. Divertiti a suonare la PSR-E360 in qualsiasi punto della casa, grazie alla sua leggerezza e alle sue dimensioni che si adattano perfettamente alle tue esigenze.<\/p>\n<p>Caratteristiche:<br \/>Dimensions<\/p>\n<p>Width<\/p>\n<p>940 mm (37&rdquo;)<\/p>\n<p>Height<\/p>\n<p>100 mm (3-15\/16&rdquo;)<\/p>\n<p>Depth<\/p>\n<p>316 mm (12-1\/2&rdquo;)<\/p>\n<p>Peso<\/p>\n<p>Peso<\/p>\n<p>4.0 kg (8 lb, 13 oz) (not including batteries)<\/p>\n","protected":false},"featured_media":9042,"template":"","meta":{"site-sidebar-layout":"default","site-content-layout":"","ast-site-content-layout":"default","site-content-style":"default","site-sidebar-style":"default","ast-global-header-display":"","ast-banner-title-visibility":"","ast-main-header-display":"","ast-hfb-above-header-display":"","ast-hfb-below-header-display":"","ast-hfb-mobile-header-display":"","site-post-title":"","ast-breadcrumbs-content":"","ast-featured-img":"","footer-sml-layout":"","theme-transparent-header-meta":"","adv-header-id-meta":"","stick-header-meta":"","header-above-stick-meta":"","header-main-stick-meta":"","header-below-stick-meta":"","astra-migrate-meta-layouts":"default","ast-page-background-enabled":"default","ast-page-background-meta":{"desktop":{"background-color":"var(--ast-global-color-4)","background-image":"","background-repeat":"repeat","background-position":"center center","background-size":"auto","background-attachment":"scroll","background-type":"","background-media":"","overlay-type":"","overlay-color":"","overlay-opacity":"","overlay-gradient":""},"tablet":{"background-color":"","background-image":"","background-repeat":"repeat","background-position":"center center","background-size":"auto","background-attachment":"scroll","background-type":"","background-media":"","overlay-type":"","overlay-color":"","overlay-opacity":"","overlay-gradient":""},"mobile":{"background-color":"","background-image":"","background-repeat":"repeat","background-position":"center center","background-size":"auto","background-attachment":"scroll","background-type":"","background-media":"","overlay-type":"","overlay-color":"","overlay-opacity":"","overlay-gradient":""}},"ast-content-background-meta":{"desktop":{"background-color":"var(--ast-global-color-5)","background-image":"","background-repeat":"repeat","background-position":"center center","background-size":"auto","background-attachment":"scroll","background-type":"","background-media":"","overlay-type":"","overlay-color":"","overlay-opacity":"","overlay-gradient":""},"tablet":{"background-color":"var(--ast-global-color-5)","background-image":"","background-repeat":"repeat","background-position":"center center","background-size":"auto","background-attachment":"scroll","background-type":"","background-media":"","overlay-type":"","overlay-color":"","overlay-opacity":"","overlay-gradient":""},"mobile":{"background-color":"var(--ast-global-color-5)","background-image":"","background-repeat":"repeat","background-position":"center center","background-size":"auto","background-attachment":"scroll","background-type":"","background-media":"","overlay-type":"","overlay-color":"","overlay-opacity":"","overlay-gradient":""}}},"product_brand":[],"product_cat":[678],"product_tag":[776],"class_list":{"0":"post-9052","1":"product","2":"type-product","3":"status-publish","4":"has-post-thumbnail","6":"product_cat-stand-tastiera","7":"product_tag-yamaha","8":"desktop-align-left","9":"tablet-align-left","10":"mobile-align-left","12":"first","13":"outofstock","14":"taxable","15":"shipping-taxable","16":"purchasable","17":"product-type-simple"},"_links":{"self":[{"href":"https:\/\/gigionestrumentimusicali.it\/index.php\/wp-json\/wp\/v2\/product\/9052","targetHints":{"allow":["GET"]}}],"collection":[{"href":"https:\/\/gigionestrumentimusicali.it\/index.php\/wp-json\/wp\/v2\/product"}],"about":[{"href":"https:\/\/gigionestrumentimusicali.it\/index.php\/wp-json\/wp\/v2\/types\/product"}],"wp:featuredmedia":[{"embeddable":true,"href":"https:\/\/gigionestrumentimusicali.it\/index.php\/wp-json\/wp\/v2\/media\/9042"}],"wp:attachment":[{"href":"https:\/\/gigionestrumentimusicali.it\/index.php\/wp-json\/wp\/v2\/media?parent=9052"}],"wp:term":[{"taxonomy":"product_brand","embeddable":true,"href":"https:\/\/gigionestrumentimusicali.it\/index.php\/wp-json\/wp\/v2\/product_brand?post=9052"},{"taxonomy":"product_cat","embeddable":true,"href":"https:\/\/gigionestrumentimusicali.it\/index.php\/wp-json\/wp\/v2\/product_cat?post=9052"},{"taxonomy":"product_tag","embeddable":true,"href":"https:\/\/gigionestrumentimusicali.it\/index.php\/wp-json\/wp\/v2\/product_tag?post=9052"}],"curies":[{"name":"wp","href":"https:\/\/api.w.org\/{rel}","templated":true}]}}