{"id":9523,"date":"2024-10-28T11:07:37","date_gmt":"2024-10-28T11:07:37","guid":{"rendered":"https:\/\/gigionestrumentimusicali.it\/index.php\/product\/marshall-bb-2-pedl-10026-bluesbreaker-ii\/"},"modified":"2026-04-14T19:35:08","modified_gmt":"2026-04-14T19:35:08","slug":"marshall-bb-2-pedl-10026-bluesbreaker-ii","status":"publish","type":"product","link":"https:\/\/gigionestrumentimusicali.it\/index.php\/product\/marshall-bb-2-pedl-10026-bluesbreaker-ii\/","title":{"rendered":"MARSHALL BB-2 PEDL-10026 BLUESBREAKER II"},"content":{"rendered":"<p>  Marshall BB2 Bluesbreaker \u00e8 da considerarsi due pedali in uno: un booster con un  timbro chiaro che fornisce quella spinta supplementare ai vostri assoli, ed un overdrive  realmente simile ad uno valvolare ricchissimo di armoniche. Blues Mode \u00e8 memore  delle tonalit\u00e0 e distorsioni caratteristiche dei nostri amplificatori non-Master  Volume come il classico combo Bluesbreaker degli anni &#8217;60. Se questo non \u00e8 abbastanza,  il bypass del BB-2 completamente passivo far\u00e0 s\u00ec che non venga perso nulla del puro  timbro della vostra chitarra quando il pedale non \u00e8 in uso. Caratteristiche: Switch  Mode per selezionare Blues oppure Boos, controlli relativi al Drive, Tone e Volume,  solido telaio in metallo e bypass passivo<\/p>\n","protected":false},"excerpt":{"rendered":"<p>Marshall BB2 Bluesbreaker &egrave; da considerarsi due pedali in uno: un booster con un timbro chiaro che fornisce quella spinta supplementare ai vostri assoli, ed un overdrive realmente simile ad uno valvolare ricchissimo di armoniche. Blues Mode &egrave; memore delle tonalit&agrave; e distorsioni caratteristiche dei nostri amplificatori non-Master Volume come il classico combo Bluesbreaker degli anni &#8217;60. Se questo non &egrave; abbastanza, il bypass del BB-2 completamente passivo far&agrave; s&igrave; che non venga perso nulla del puro timbro della vostra chitarra quando il pedale non &egrave; in uso. Caratteristiche: Switch Mode per selezionare Blues oppure Boos, controlli relativi al Drive, Tone e Volume, solido telaio in metallo e bypass passivo<\/p>\n","protected":false},"featured_media":9521,"template":"","meta":{"site-sidebar-layout":"default","site-content-layout":"","ast-site-content-layout":"default","site-content-style":"default","site-sidebar-style":"default","ast-global-header-display":"","ast-banner-title-visibility":"","ast-main-header-display":"","ast-hfb-above-header-display":"","ast-hfb-below-header-display":"","ast-hfb-mobile-header-display":"","site-post-title":"","ast-breadcrumbs-content":"","ast-featured-img":"","footer-sml-layout":"","theme-transparent-header-meta":"","adv-header-id-meta":"","stick-header-meta":"","header-above-stick-meta":"","header-main-stick-meta":"","header-below-stick-meta":"","astra-migrate-meta-layouts":"default","ast-page-background-enabled":"default","ast-page-background-meta":{"desktop":{"background-color":"var(--ast-global-color-4)","background-image":"","background-repeat":"repeat","background-position":"center center","background-size":"auto","background-attachment":"scroll","background-type":"","background-media":"","overlay-type":"","overlay-color":"","overlay-opacity":"","overlay-gradient":""},"tablet":{"background-color":"","background-image":"","background-repeat":"repeat","background-position":"center center","background-size":"auto","background-attachment":"scroll","background-type":"","background-media":"","overlay-type":"","overlay-color":"","overlay-opacity":"","overlay-gradient":""},"mobile":{"background-color":"","background-image":"","background-repeat":"repeat","background-position":"center center","background-size":"auto","background-attachment":"scroll","background-type":"","background-media":"","overlay-type":"","overlay-color":"","overlay-opacity":"","overlay-gradient":""}},"ast-content-background-meta":{"desktop":{"background-color":"var(--ast-global-color-5)","background-image":"","background-repeat":"repeat","background-position":"center center","background-size":"auto","background-attachment":"scroll","background-type":"","background-media":"","overlay-type":"","overlay-color":"","overlay-opacity":"","overlay-gradient":""},"tablet":{"background-color":"var(--ast-global-color-5)","background-image":"","background-repeat":"repeat","background-position":"center center","background-size":"auto","background-attachment":"scroll","background-type":"","background-media":"","overlay-type":"","overlay-color":"","overlay-opacity":"","overlay-gradient":""},"mobile":{"background-color":"var(--ast-global-color-5)","background-image":"","background-repeat":"repeat","background-position":"center center","background-size":"auto","background-attachment":"scroll","background-type":"","background-media":"","overlay-type":"","overlay-color":"","overlay-opacity":"","overlay-gradient":""}}},"product_brand":[],"product_cat":[421],"product_tag":[750],"class_list":{"0":"post-9523","1":"product","2":"type-product","3":"status-publish","4":"has-post-thumbnail","6":"product_cat-boost","7":"product_tag-marshall","8":"desktop-align-left","9":"tablet-align-left","10":"mobile-align-left","12":"first","13":"instock","14":"taxable","15":"shipping-taxable","16":"purchasable","17":"product-type-simple"},"_links":{"self":[{"href":"https:\/\/gigionestrumentimusicali.it\/index.php\/wp-json\/wp\/v2\/product\/9523","targetHints":{"allow":["GET"]}}],"collection":[{"href":"https:\/\/gigionestrumentimusicali.it\/index.php\/wp-json\/wp\/v2\/product"}],"about":[{"href":"https:\/\/gigionestrumentimusicali.it\/index.php\/wp-json\/wp\/v2\/types\/product"}],"wp:featuredmedia":[{"embeddable":true,"href":"https:\/\/gigionestrumentimusicali.it\/index.php\/wp-json\/wp\/v2\/media\/9521"}],"wp:attachment":[{"href":"https:\/\/gigionestrumentimusicali.it\/index.php\/wp-json\/wp\/v2\/media?parent=9523"}],"wp:term":[{"taxonomy":"product_brand","embeddable":true,"href":"https:\/\/gigionestrumentimusicali.it\/index.php\/wp-json\/wp\/v2\/product_brand?post=9523"},{"taxonomy":"product_cat","embeddable":true,"href":"https:\/\/gigionestrumentimusicali.it\/index.php\/wp-json\/wp\/v2\/product_cat?post=9523"},{"taxonomy":"product_tag","embeddable":true,"href":"https:\/\/gigionestrumentimusicali.it\/index.php\/wp-json\/wp\/v2\/product_tag?post=9523"}],"curies":[{"name":"wp","href":"https:\/\/api.w.org\/{rel}","templated":true}]}}