{"id":9689,"date":"2024-10-28T11:10:01","date_gmt":"2024-10-28T11:10:01","guid":{"rendered":"https:\/\/gigionestrumentimusicali.it\/index.php\/product\/yamaha-dgx670-bit-piano-digitale-white\/"},"modified":"2026-04-15T13:33:13","modified_gmt":"2026-04-15T13:33:13","slug":"yamaha-dgx670-bit-piano-digitale-white","status":"publish","type":"product","link":"https:\/\/gigionestrumentimusicali.it\/index.php\/product\/yamaha-dgx670-bit-piano-digitale-white\/","title":{"rendered":"YAMAHA DGX670 BIT PIANO DIGITALE WHITE"},"content":{"rendered":"<p>  <span style=\"font-family: Arial, sans-serif;font-size: 13px;font-style: normal;font-variant: normal;font-weight: normal;letter-spacing: normal;line-height: 18.2px;text-align: start;text-indent: 0px;text-transform: none;white-space: normal;display: inline !important;float: none\">Il  DGX-650 offre la suonabilit\u00e0 di un vero pianoforte acustico con una completa suite  di funzioni di accompagnamento automatico e prestazioni che consentono di dare forma  con facilit\u00e0 al tuo pensiero musicale. Il DGX-650 combina voci di pianoforte, campionate  da uno dei migliori pianoforti a coda Yamaha, con una tastiera Graded Hammer Standard  (GHS) che offre la suonabilit\u00e0 e la dinamica di un vero pianoforte acustico. Caratteristiche  principali PureCF offre il suono del pianoforte da concerto CFIIIS, meticolosamente  campionato in condizioni controllate La tastiera Graded Hammer Standard offre un&#8221;alta  gamma espressiva, per suonare con le pi\u00f9 sottili sfumature di dinamica Chitarre  autentiche, corde lussureggianti, ottoni incisivi&#8230; Yamaha Voices Live. Voices  presenta una variet\u00e0 unica di lunghi campionamenti stereo e multi-layered che catturano  l&#8221;essenza di ogni strumento Potenti altoparlanti stereo con woofer e tweeter separati  in modo da offrire bassi senza distorsione e alti cristallini La stupefacente funzione  Smart Chord di Yamaha offre tutto l&#8221;accompagnamento musicale che si pu\u00f2 desiderare  Style Recommender consente di trovare gli stili evitando di vagare tra gli infiniti  menu alla ricerca di quello giusto Il cristallino display LCD \u00e8 in grado di visualizzare  spartiti e testi caricati sulla DGX-650 tramite USB Le porte USB TO HOST e TO DEVICE  consentono il trasferimento digitale dei rendendo pi\u00f9 semplice registrare e condividere  la tua musica, creare CD o modificare i suoni con il tuo PC. \u00c8 anche possibile salvare  i dati su un&#8221;unit\u00e0 flash USB Porta AUX-IN per dispositivi eseterni per ascoltare  la musica attraverso gli altoparlanti del DGX-650 Il supporto monitor consente di  diffondere il suono degli altoparlanti del DGX-650 anche quando si usano le cuffie  Finitura: Noce Dimensione: 1397 x H146 x 445mm Peso: 29,5kg <\/span><\/p>\n<p>  \u00a0<\/p>\n","protected":false},"excerpt":{"rendered":"<p>PIANOFORTE DIGITALE 88 TASTI GRADED HAMMER WHITE<\/p>\n<p>Il pianoforte a coda da concerto CFX, serie ammiraglia di Yamaha, lungo 2,75m, offre acuti brillanti e bassi sonori e potenti, con un suono che si proietta fino agli angoli pi&ugrave; lontani di qualunque sala da concerto. Goditi ogni frammento di quel controllo espressivo con il DGX-670.<br \/>In un pianoforte a coda il suono risuona attraverso tutto il corpo dello strumento, producendo una ricca riverberazione che avvolge di suono l&#8217;ascoltatore. Non sono solo le corde che stai suonando a vibrare, ma anche tutte le altre corde, che reagiscono le une con le altre. Questa &egrave; una delle ragioni per le quali il suono del pianoforte &egrave; cos&igrave; ricco e complesso. Questo fenomeno &egrave; riprodotto perfettamente nel DGX-670 attraverso il Virtual Resonance Modeling (VRM) che calcola i vari stati delle corde per ognuna delle 88 note della tastiera da un istante all&#8217;altro. Di conseguenza, il DGX-670 riflette il numero illimitato di fattori inerenti all&#8217;esecuzione di un pianoforte acustico, come i tasti premuti, la forza con cui vengono suonati i tasti e il timing del pedale.<br \/>I controlli semplici e intuitivi ti consentono di scegliere tra diverse voci di pianoforte e strumenti. Prova l&#8217;acustica in una sala prove, su un palco, in una cattedrale e in altri luoghi e sperimenta fino a che punto aprire il coperchio del pianoforte a coda per avere un&#8217;idea delle sottili differenze di suono.<br \/>La tastiera del pianoforte a 88 tasti Graded Hammer Standard (GHS) garantisce un tocco pi&ugrave; pesante nel registro grave e pi&ugrave; delicato nel registro acuto, come avviene in un pianoforte acustico. Ottima per l&rsquo;aspirante pianista poich&eacute; l&#8217;esercitazione sulla meccanica GHS permette di costruire la forza e la tecnica delle dita in preparazione al momento in cui si suoner&agrave; un pianoforte acustico.<br \/>Il sistema a due vie &egrave; dotato di altoparlanti rotondi da 12cm per medi e bassi impressionanti e un tweeter per acuti scintillanti. Il suono del pianoforte &egrave; progettato per essere coinvolgente dalla posizione di ascolto e l&#8217;accompagnamento &egrave; ottimizzato per un ascolto d&#8217;impatto.<br \/>Quando si utilizzano le cuffie, lo Stereophonic Optimizer permette al pianista di godere della diffusione del suono che si ha quando si &egrave; seduti di fronte a un pianoforte acustico. Grazie allo Stereophonic Optimizer, i suoni campionati dai pianoforti acustici sembrano provenire dal corpo dello strumento. E questo garantisce un&#8217;esperienza confortevole, naturale, che elimina gli svantaggi dell&#8217;ascolto in cuffia.<br \/>Il DGX-670 &egrave; dotato di Adaptive Style, una funzione che analizza automaticamente la tua esecuzione in tempo reale e organizza l&#8217;accompagnamento in base all&#8217;andamento della musica. Suona con pi&ugrave; intensit&agrave; e Adaptive Style aumenta l&#8217;accompagnamento; passa a uno stato d&#8217;animo pi&ugrave; dolce e lo Stile adattivo si addolcisce insieme a te. L&#8217;accompagnamento ti accompagna ovunque tu sia in un dato momento, dando ad ogni brano l&#8217;emozionante sensazione di un&#8217;esibizione dal vivo.<br \/>Smart Chord ti consente di suonare come un professionista, anche se stai ancora imparando a suonare. Con un singolo dito della mano sinistra, Smart Chord &egrave; in grado di creare accordi completi, da semplici triadi Pop a complessi accordi di 7a e 9a. Gli stili di accompagnamento creano tutto il resto della tua band virtuale cos&igrave; da poter suonare subito.<br \/>Unison &amp; Accent sono funzioni che aprono una vasta gamma di capacit&agrave; espressive. Con Unison, suona una frase mentre premi il pedale, facendo suonare all&#8217;unisono lo stile di accompagnamento con te. Ci&ograve; ti consente di eseguire le linee distintive che si trovano in canzoni iconiche o di creare i tuoi brani personali che l&#8217;intera band pu&ograve; seguire. Accent ti consente di aggiungere &#8220;colpi&#8221; ritmici per accentuare le note di tua scelta semplicemente suonando un p&ograve; pi&ugrave; forte.<br \/>Dotato di 630 voci varie e di alta qualit&agrave; tra cui pianoforti mozzafiato, piani elettrici, organi, ottoni, archi, percussioni e altro ancora. Dai sassofoni sospiranti alle chitarre squillanti e agli archi caldi e risonanti, il DGX-670 replica in modo impressionante i suoni fino alle sfumature pi&ugrave; fini. Grazie all&#8217;acclamata tecnologia Super Articulation, le caratteristiche distintive di ogni strumento vengono riprodotte con dettagli incredibili mentre suoni.<br \/>Caratteristiche<br \/>Tastiera Graded Hammer Standard (GHS)<br \/>630 voci di alta qualit&agrave;, inclusi CFX Grand Piano e 29 kit di batteria\/SFX<br \/>Polifonia a 256 note<br \/>Voci Super Articulation<br \/>VRM (Virtual Resonance Modeling)<br \/>263 stili di accompagnamento automatico, ciascuno con 4 variazioni<br \/>Riverbero, coro e DSP<br \/>Equalizzatore principale e equalizzatore della parte<br \/>Controllo Acustico Intelligente (IAC), ottimizzatore stereofonico<br \/>Nuova interfaccia utente con display TFT a colori da 4.3&#8243;<br \/>100 preset song<br \/>Registrazione Midi a 16 tracce<br \/>Registratore audio USB con Vocal Cancel, Time Stretch e Pitch Shift<br \/>Funzione playlist<br \/>Ricevitore audio Bluetooth<br \/>Compatibile con l&#8217;app Chord Tracker<br \/>Dimensioni: 1397 x H151 x 445mm<br \/>Peso: 21,4kg<\/p>\n","protected":false},"featured_media":9686,"template":"","meta":{"site-sidebar-layout":"default","site-content-layout":"","ast-site-content-layout":"default","site-content-style":"default","site-sidebar-style":"default","ast-global-header-display":"","ast-banner-title-visibility":"","ast-main-header-display":"","ast-hfb-above-header-display":"","ast-hfb-below-header-display":"","ast-hfb-mobile-header-display":"","site-post-title":"","ast-breadcrumbs-content":"","ast-featured-img":"","footer-sml-layout":"","theme-transparent-header-meta":"","adv-header-id-meta":"","stick-header-meta":"","header-above-stick-meta":"","header-main-stick-meta":"","header-below-stick-meta":"","astra-migrate-meta-layouts":"default","ast-page-background-enabled":"default","ast-page-background-meta":{"desktop":{"background-color":"var(--ast-global-color-4)","background-image":"","background-repeat":"repeat","background-position":"center center","background-size":"auto","background-attachment":"scroll","background-type":"","background-media":"","overlay-type":"","overlay-color":"","overlay-opacity":"","overlay-gradient":""},"tablet":{"background-color":"","background-image":"","background-repeat":"repeat","background-position":"center center","background-size":"auto","background-attachment":"scroll","background-type":"","background-media":"","overlay-type":"","overlay-color":"","overlay-opacity":"","overlay-gradient":""},"mobile":{"background-color":"","background-image":"","background-repeat":"repeat","background-position":"center center","background-size":"auto","background-attachment":"scroll","background-type":"","background-media":"","overlay-type":"","overlay-color":"","overlay-opacity":"","overlay-gradient":""}},"ast-content-background-meta":{"desktop":{"background-color":"var(--ast-global-color-5)","background-image":"","background-repeat":"repeat","background-position":"center center","background-size":"auto","background-attachment":"scroll","background-type":"","background-media":"","overlay-type":"","overlay-color":"","overlay-opacity":"","overlay-gradient":""},"tablet":{"background-color":"var(--ast-global-color-5)","background-image":"","background-repeat":"repeat","background-position":"center center","background-size":"auto","background-attachment":"scroll","background-type":"","background-media":"","overlay-type":"","overlay-color":"","overlay-opacity":"","overlay-gradient":""},"mobile":{"background-color":"var(--ast-global-color-5)","background-image":"","background-repeat":"repeat","background-position":"center center","background-size":"auto","background-attachment":"scroll","background-type":"","background-media":"","overlay-type":"","overlay-color":"","overlay-opacity":"","overlay-gradient":""}}},"product_brand":[],"product_cat":[675],"product_tag":[776],"class_list":{"0":"post-9689","1":"product","2":"type-product","3":"status-publish","4":"has-post-thumbnail","6":"product_cat-pianoforti-digitali","7":"product_tag-yamaha","8":"desktop-align-left","9":"tablet-align-left","10":"mobile-align-left","12":"first","13":"outofstock","14":"taxable","15":"shipping-taxable","16":"purchasable","17":"product-type-simple"},"_links":{"self":[{"href":"https:\/\/gigionestrumentimusicali.it\/index.php\/wp-json\/wp\/v2\/product\/9689","targetHints":{"allow":["GET"]}}],"collection":[{"href":"https:\/\/gigionestrumentimusicali.it\/index.php\/wp-json\/wp\/v2\/product"}],"about":[{"href":"https:\/\/gigionestrumentimusicali.it\/index.php\/wp-json\/wp\/v2\/types\/product"}],"wp:featuredmedia":[{"embeddable":true,"href":"https:\/\/gigionestrumentimusicali.it\/index.php\/wp-json\/wp\/v2\/media\/9686"}],"wp:attachment":[{"href":"https:\/\/gigionestrumentimusicali.it\/index.php\/wp-json\/wp\/v2\/media?parent=9689"}],"wp:term":[{"taxonomy":"product_brand","embeddable":true,"href":"https:\/\/gigionestrumentimusicali.it\/index.php\/wp-json\/wp\/v2\/product_brand?post=9689"},{"taxonomy":"product_cat","embeddable":true,"href":"https:\/\/gigionestrumentimusicali.it\/index.php\/wp-json\/wp\/v2\/product_cat?post=9689"},{"taxonomy":"product_tag","embeddable":true,"href":"https:\/\/gigionestrumentimusicali.it\/index.php\/wp-json\/wp\/v2\/product_tag?post=9689"}],"curies":[{"name":"wp","href":"https:\/\/api.w.org\/{rel}","templated":true}]}}