{"id":9924,"date":"2024-10-28T11:13:19","date_gmt":"2024-10-28T11:13:19","guid":{"rendered":"https:\/\/gigionestrumentimusicali.it\/index.php\/product\/fender-bubbler-analog-chorus\/"},"modified":"2026-04-07T12:44:21","modified_gmt":"2026-04-07T12:44:21","slug":"fender-bubbler-analog-chorus","status":"publish","type":"product","link":"https:\/\/gigionestrumentimusicali.it\/index.php\/product\/fender-bubbler-analog-chorus\/","title":{"rendered":"FENDER BUBBLER ANALOG CHORUS"},"content":{"rendered":"<p>  CHORUS ANALOGICO A PEDALE<\/p>\n<p>  \u00a0<\/p>\n<p>  Direttamente dalla nuova linea Custom Shop della AKAI Professional, questo Chorus  analogico \u00e8 l&#8217;arma segreta per rendere il suono ricco e corposo. Il chorus si presenta  come gli altri pedali della serie con il suo chassis in metallo cromato. Il sistema  True-bypass unito ai tre potenziometri vintage Tone, Speed e Spread fornisce un  ampio range di controllo e possibilit\u00e0 sonore. Il Chorus pu\u00f2 essere regolato in  modo da ottenere una gran variet\u00e0 di effetti, dal semplice suono multiplo di chitarra  allo staccato veloce ottenibile enfatizzando l&#8217;attacco. Confrontarsi col pedale  \u00e8 facile grazie ai tre potenziometri di cui \u00e8 dotato. Tono, per controllare la frequenza  di intervento da low a high; Speed, agisce sull&#8217;intervallo di ripetizione; Spread,  controlla la dinamica spaziale che va a sommarsi al suono sorgente. Accanto a questi  troviamo uno switch a due posizioni denominato Rate, che amplia lo spettro sonoro  su due posizioni pre-impostate: fast\/slow. Il Chorus di AKAI Professional aggiunge  un suono unico e soprattutto realistico al set up del chitarrista moderno. in ogni  set up<\/p>\n<p>  Caratteristiche principali<\/p>\n<p>  \u00a0<\/p>\n<p>  Suono totalmente analogico<\/p>\n<p>  3 potenziometri: Tone, Speed e Spread<\/p>\n<p>  Selettore Rate a 2 posizioni<\/p>\n<p>  True-Bypass: suono pulito a pedale disattivato<\/p>\n<p>  Chassis in metallo cromato resistente e solido<\/p>\n<p>  Il pedale pu\u00f2 essere alimentato con una batteria a 9V (inclusa) o con alimentatore  9V AC venduto separatamente4<\/p>\n","protected":false},"excerpt":{"rendered":"<p>EFFETTO CHORUS STEREO A PEDALE PER CHITARRA<\/p>\n<p>Il chorus &egrave; un ottimo modo per aggiungere un p&ograve; di spessore al suono della tua chitarra: compatto, ampio e avvolgente, &egrave; stato il fondamento di molti suoni di chitarra classici. Il Bubbler Chorus d&agrave; nuova vita a questo effetto analogico classico, offrendo nuovi modi per modellare il tuo suono. Le velocit&agrave; commutabili Slow e Fast con controlli indipendenti di Rate e Depth ti consentono di creare il suono perfetto per la tua musica, mentre lo switch a levetta Wave consente di selezionare forme d&#8217;onda sinusoidali o triangolari tradizionali. Il controllo della sensibilit&agrave; consente di variare la velocit&agrave; di modulazione in base alla dinamica dell&#8217;esecuzione.<\/p>\n<p>Caratteristiche<br \/>Pedale chorus analogico<br \/>Slow\/Fast con controlli indipendenti di frequenza e profondit&agrave;<br \/>Forme d&#8217;onda sinusoidali e triangolari<br \/>Velocit&agrave; di modulazione reattiva dinamicamente<br \/>Uscite stereo<br \/>N.B. Alimentatore NON incluso<\/p>\n","protected":false},"featured_media":9909,"template":"","meta":{"site-sidebar-layout":"default","site-content-layout":"","ast-site-content-layout":"default","site-content-style":"default","site-sidebar-style":"default","ast-global-header-display":"","ast-banner-title-visibility":"","ast-main-header-display":"","ast-hfb-above-header-display":"","ast-hfb-below-header-display":"","ast-hfb-mobile-header-display":"","site-post-title":"","ast-breadcrumbs-content":"","ast-featured-img":"","footer-sml-layout":"","theme-transparent-header-meta":"","adv-header-id-meta":"","stick-header-meta":"","header-above-stick-meta":"","header-main-stick-meta":"","header-below-stick-meta":"","astra-migrate-meta-layouts":"default","ast-page-background-enabled":"default","ast-page-background-meta":{"desktop":{"background-color":"var(--ast-global-color-4)","background-image":"","background-repeat":"repeat","background-position":"center center","background-size":"auto","background-attachment":"scroll","background-type":"","background-media":"","overlay-type":"","overlay-color":"","overlay-opacity":"","overlay-gradient":""},"tablet":{"background-color":"","background-image":"","background-repeat":"repeat","background-position":"center center","background-size":"auto","background-attachment":"scroll","background-type":"","background-media":"","overlay-type":"","overlay-color":"","overlay-opacity":"","overlay-gradient":""},"mobile":{"background-color":"","background-image":"","background-repeat":"repeat","background-position":"center center","background-size":"auto","background-attachment":"scroll","background-type":"","background-media":"","overlay-type":"","overlay-color":"","overlay-opacity":"","overlay-gradient":""}},"ast-content-background-meta":{"desktop":{"background-color":"var(--ast-global-color-5)","background-image":"","background-repeat":"repeat","background-position":"center center","background-size":"auto","background-attachment":"scroll","background-type":"","background-media":"","overlay-type":"","overlay-color":"","overlay-opacity":"","overlay-gradient":""},"tablet":{"background-color":"var(--ast-global-color-5)","background-image":"","background-repeat":"repeat","background-position":"center center","background-size":"auto","background-attachment":"scroll","background-type":"","background-media":"","overlay-type":"","overlay-color":"","overlay-opacity":"","overlay-gradient":""},"mobile":{"background-color":"var(--ast-global-color-5)","background-image":"","background-repeat":"repeat","background-position":"center center","background-size":"auto","background-attachment":"scroll","background-type":"","background-media":"","overlay-type":"","overlay-color":"","overlay-opacity":"","overlay-gradient":""}}},"product_brand":[],"product_cat":[424],"product_tag":[733],"class_list":{"0":"post-9924","1":"product","2":"type-product","3":"status-publish","4":"has-post-thumbnail","6":"product_cat-chorus-effetti-a-pedale-per-chitarre","7":"product_tag-fender","8":"desktop-align-left","9":"tablet-align-left","10":"mobile-align-left","12":"first","13":"instock","14":"taxable","15":"shipping-taxable","16":"purchasable","17":"product-type-simple"},"_links":{"self":[{"href":"https:\/\/gigionestrumentimusicali.it\/index.php\/wp-json\/wp\/v2\/product\/9924","targetHints":{"allow":["GET"]}}],"collection":[{"href":"https:\/\/gigionestrumentimusicali.it\/index.php\/wp-json\/wp\/v2\/product"}],"about":[{"href":"https:\/\/gigionestrumentimusicali.it\/index.php\/wp-json\/wp\/v2\/types\/product"}],"wp:featuredmedia":[{"embeddable":true,"href":"https:\/\/gigionestrumentimusicali.it\/index.php\/wp-json\/wp\/v2\/media\/9909"}],"wp:attachment":[{"href":"https:\/\/gigionestrumentimusicali.it\/index.php\/wp-json\/wp\/v2\/media?parent=9924"}],"wp:term":[{"taxonomy":"product_brand","embeddable":true,"href":"https:\/\/gigionestrumentimusicali.it\/index.php\/wp-json\/wp\/v2\/product_brand?post=9924"},{"taxonomy":"product_cat","embeddable":true,"href":"https:\/\/gigionestrumentimusicali.it\/index.php\/wp-json\/wp\/v2\/product_cat?post=9924"},{"taxonomy":"product_tag","embeddable":true,"href":"https:\/\/gigionestrumentimusicali.it\/index.php\/wp-json\/wp\/v2\/product_tag?post=9924"}],"curies":[{"name":"wp","href":"https:\/\/api.w.org\/{rel}","templated":true}]}}